{"id":3158,"date":"2025-10-05T17:02:00","date_gmt":"2025-10-05T15:02:00","guid":{"rendered":"https:\/\/dekoll.al\/?post_type=product&#038;p=3158"},"modified":"2025-11-12T21:25:28","modified_gmt":"2025-11-12T20:25:28","slug":"dekokt","status":"publish","type":"product","link":"https:\/\/dekoll.al\/de\/produkt\/dekokt\/","title":{"rendered":"Dekocement"},"content":{"rendered":"<p>DEKOCEMENT ist ein zementbasiertes Dekorationsprodukt mit Polymeren und Additiven, das keine korrosiven Bestandteile enth\u00e4lt und sich f\u00fcr den Innen- und Au\u00dfenbereich eignet. Es haftet sehr gut auf dem Untergrund und sorgt f\u00fcr eine robuste, glatte und \u00e4sthetisch ansprechende Oberfl\u00e4che.<\/p>","protected":false},"featured_media":3159,"template":"","meta":{"_acf_changed":false,"footnotes":""},"color":[],"product-category":[19],"product-tag":[],"product-type":[36],"class_list":["post-3158","product","type-product","status-publish","has-post-thumbnail","hentry","product-category-rifinitura","product-type-simple"],"acf":[],"_links":{"self":[{"href":"https:\/\/dekoll.al\/de\/wp-json\/wp\/v2\/product\/3158","targetHints":{"allow":["GET"]}}],"collection":[{"href":"https:\/\/dekoll.al\/de\/wp-json\/wp\/v2\/product"}],"about":[{"href":"https:\/\/dekoll.al\/de\/wp-json\/wp\/v2\/types\/product"}],"version-history":[{"count":15,"href":"https:\/\/dekoll.al\/de\/wp-json\/wp\/v2\/product\/3158\/revisions"}],"predecessor-version":[{"id":3289,"href":"https:\/\/dekoll.al\/de\/wp-json\/wp\/v2\/product\/3158\/revisions\/3289"}],"wp:featuredmedia":[{"embeddable":true,"href":"https:\/\/dekoll.al\/de\/wp-json\/wp\/v2\/media\/3159"}],"wp:attachment":[{"href":"https:\/\/dekoll.al\/de\/wp-json\/wp\/v2\/media?parent=3158"}],"wp:term":[{"taxonomy":"color","embeddable":true,"href":"https:\/\/dekoll.al\/de\/wp-json\/wp\/v2\/color?post=3158"},{"taxonomy":"product-category","embeddable":true,"href":"https:\/\/dekoll.al\/de\/wp-json\/wp\/v2\/product-category?post=3158"},{"taxonomy":"product-tag","embeddable":true,"href":"https:\/\/dekoll.al\/de\/wp-json\/wp\/v2\/product-tag?post=3158"},{"taxonomy":"product-type","embeddable":true,"href":"https:\/\/dekoll.al\/de\/wp-json\/wp\/v2\/product-type?post=3158"}],"curies":[{"name":"wp","href":"https:\/\/api.w.org\/{rel}","templated":true}]}}