{"id":3148,"date":"2025-10-04T16:41:00","date_gmt":"2025-10-04T14:41:00","guid":{"rendered":"https:\/\/dekoll.al\/?post_type=product&#038;p=3148"},"modified":"2025-11-12T21:25:28","modified_gmt":"2025-11-12T20:25:28","slug":"acrylgrundierung-pinto","status":"publish","type":"product","link":"https:\/\/dekoll.al\/de\/produkt\/acrylgrundierung-pinto\/","title":{"rendered":"Astar Akrilik Pinto"},"content":{"rendered":"<p>Es handelt sich um eine wasserbasierte Acryl-Grundierung f\u00fcr W\u00e4nde. Sie dringt tief in Oberfl\u00e4chen ein und gew\u00e4hrleistet so eine starke Haftung. Sie ist geruchlos, anwenderfreundlich und umweltfreundlich und eignet sich daher ideal f\u00fcr die Grundierung von Innen- und Au\u00dfenfl\u00e4chen. Sie ist geeignet f\u00fcr die Vorbereitung neuer Oberfl\u00e4chen, die mit Kunststoff- oder Acrylfarben gestrichen werden sollen, wie z. B. Putz, Beton und Ziegel, sowie f\u00fcr por\u00f6se, stark saugf\u00e4hige Oberfl\u00e4chen wie Silikatziegel (Verd\u00fcnnung 1:3) und staubige Untergr\u00fcnde, auf die eine Zweikomponenten-Abdichtung aufgetragen werden soll. Sie verbindet und isoliert por\u00f6se Oberfl\u00e4chen, die mit Kalk, Hydromat oder minderwertigen Farben gestrichen wurden, und sorgt so f\u00fcr eine optimale Haftung und einen gleichm\u00e4\u00dfigen Farbauftrag. Dadurch wird die Ergiebigkeit des Endanstrichs erh\u00f6ht.<\/p>","protected":false},"featured_media":3149,"template":"","meta":{"_acf_changed":false,"footnotes":""},"color":[],"product-category":[19],"product-tag":[],"product-type":[36],"class_list":["post-3148","product","type-product","status-publish","has-post-thumbnail","hentry","product-category-rifinitura","product-type-simple"],"acf":[],"_links":{"self":[{"href":"https:\/\/dekoll.al\/de\/wp-json\/wp\/v2\/product\/3148","targetHints":{"allow":["GET"]}}],"collection":[{"href":"https:\/\/dekoll.al\/de\/wp-json\/wp\/v2\/product"}],"about":[{"href":"https:\/\/dekoll.al\/de\/wp-json\/wp\/v2\/types\/product"}],"version-history":[{"count":7,"href":"https:\/\/dekoll.al\/de\/wp-json\/wp\/v2\/product\/3148\/revisions"}],"predecessor-version":[{"id":3248,"href":"https:\/\/dekoll.al\/de\/wp-json\/wp\/v2\/product\/3148\/revisions\/3248"}],"wp:featuredmedia":[{"embeddable":true,"href":"https:\/\/dekoll.al\/de\/wp-json\/wp\/v2\/media\/3149"}],"wp:attachment":[{"href":"https:\/\/dekoll.al\/de\/wp-json\/wp\/v2\/media?parent=3148"}],"wp:term":[{"taxonomy":"color","embeddable":true,"href":"https:\/\/dekoll.al\/de\/wp-json\/wp\/v2\/color?post=3148"},{"taxonomy":"product-category","embeddable":true,"href":"https:\/\/dekoll.al\/de\/wp-json\/wp\/v2\/product-category?post=3148"},{"taxonomy":"product-tag","embeddable":true,"href":"https:\/\/dekoll.al\/de\/wp-json\/wp\/v2\/product-tag?post=3148"},{"taxonomy":"product-type","embeddable":true,"href":"https:\/\/dekoll.al\/de\/wp-json\/wp\/v2\/product-type?post=3148"}],"curies":[{"name":"wp","href":"https:\/\/api.w.org\/{rel}","templated":true}]}}