{"id":3110,"date":"2025-09-24T15:56:09","date_gmt":"2025-09-24T13:56:09","guid":{"rendered":"https:\/\/dekoll.al\/?post_type=product&#038;p=3110"},"modified":"2025-11-12T21:25:28","modified_gmt":"2025-11-12T20:25:28","slug":"graphit","status":"publish","type":"product","link":"https:\/\/dekoll.al\/de\/produkt\/graphit\/","title":{"rendered":"GRAFIT"},"content":{"rendered":"<p>Graphitpolystyrol mit Druckfestigkeit 100, 120 und 150 kPa. D\u00e4mmplatte zur Verwendung in W\u00e4rmed\u00e4mmsystemen.<\/p>","protected":false},"featured_media":3111,"template":"","meta":{"_acf_changed":false,"footnotes":""},"color":[],"product-category":[34],"product-tag":[],"product-type":[36],"class_list":["post-3110","product","type-product","status-publish","has-post-thumbnail","hentry","product-category-aksesore","product-type-simple"],"acf":[],"_links":{"self":[{"href":"https:\/\/dekoll.al\/de\/wp-json\/wp\/v2\/product\/3110","targetHints":{"allow":["GET"]}}],"collection":[{"href":"https:\/\/dekoll.al\/de\/wp-json\/wp\/v2\/product"}],"about":[{"href":"https:\/\/dekoll.al\/de\/wp-json\/wp\/v2\/types\/product"}],"version-history":[{"count":1,"href":"https:\/\/dekoll.al\/de\/wp-json\/wp\/v2\/product\/3110\/revisions"}],"predecessor-version":[{"id":3424,"href":"https:\/\/dekoll.al\/de\/wp-json\/wp\/v2\/product\/3110\/revisions\/3424"}],"wp:featuredmedia":[{"embeddable":true,"href":"https:\/\/dekoll.al\/de\/wp-json\/wp\/v2\/media\/3111"}],"wp:attachment":[{"href":"https:\/\/dekoll.al\/de\/wp-json\/wp\/v2\/media?parent=3110"}],"wp:term":[{"taxonomy":"color","embeddable":true,"href":"https:\/\/dekoll.al\/de\/wp-json\/wp\/v2\/color?post=3110"},{"taxonomy":"product-category","embeddable":true,"href":"https:\/\/dekoll.al\/de\/wp-json\/wp\/v2\/product-category?post=3110"},{"taxonomy":"product-tag","embeddable":true,"href":"https:\/\/dekoll.al\/de\/wp-json\/wp\/v2\/product-tag?post=3110"},{"taxonomy":"product-type","embeddable":true,"href":"https:\/\/dekoll.al\/de\/wp-json\/wp\/v2\/product-type?post=3110"}],"curies":[{"name":"wp","href":"https:\/\/api.w.org\/{rel}","templated":true}]}}