{"id":3105,"date":"2025-09-24T15:46:25","date_gmt":"2025-09-24T13:46:25","guid":{"rendered":"https:\/\/dekoll.al\/?post_type=product&#038;p=3105"},"modified":"2025-11-12T21:25:28","modified_gmt":"2025-11-12T20:25:28","slug":"politerol","status":"publish","type":"product","link":"https:\/\/dekoll.al\/de\/produkt\/politerol\/","title":{"rendered":"EPS-Polystyrol"},"content":{"rendered":"<p>Polystyrol mit einer Druckfestigkeit von 40 kPa bis 150 kPa. D\u00e4mmplatte zur Verwendung in W\u00e4rmed\u00e4mmsystemen.<\/p>","protected":false},"featured_media":3106,"template":"","meta":{"_acf_changed":false,"footnotes":""},"color":[],"product-category":[34],"product-tag":[],"product-type":[36],"class_list":["post-3105","product","type-product","status-publish","has-post-thumbnail","hentry","product-category-aksesore","product-type-simple"],"acf":[],"_links":{"self":[{"href":"https:\/\/dekoll.al\/de\/wp-json\/wp\/v2\/product\/3105","targetHints":{"allow":["GET"]}}],"collection":[{"href":"https:\/\/dekoll.al\/de\/wp-json\/wp\/v2\/product"}],"about":[{"href":"https:\/\/dekoll.al\/de\/wp-json\/wp\/v2\/types\/product"}],"version-history":[{"count":3,"href":"https:\/\/dekoll.al\/de\/wp-json\/wp\/v2\/product\/3105\/revisions"}],"predecessor-version":[{"id":3341,"href":"https:\/\/dekoll.al\/de\/wp-json\/wp\/v2\/product\/3105\/revisions\/3341"}],"wp:featuredmedia":[{"embeddable":true,"href":"https:\/\/dekoll.al\/de\/wp-json\/wp\/v2\/media\/3106"}],"wp:attachment":[{"href":"https:\/\/dekoll.al\/de\/wp-json\/wp\/v2\/media?parent=3105"}],"wp:term":[{"taxonomy":"color","embeddable":true,"href":"https:\/\/dekoll.al\/de\/wp-json\/wp\/v2\/color?post=3105"},{"taxonomy":"product-category","embeddable":true,"href":"https:\/\/dekoll.al\/de\/wp-json\/wp\/v2\/product-category?post=3105"},{"taxonomy":"product-tag","embeddable":true,"href":"https:\/\/dekoll.al\/de\/wp-json\/wp\/v2\/product-tag?post=3105"},{"taxonomy":"product-type","embeddable":true,"href":"https:\/\/dekoll.al\/de\/wp-json\/wp\/v2\/product-type?post=3105"}],"curies":[{"name":"wp","href":"https:\/\/api.w.org\/{rel}","templated":true}]}}