{"id":3088,"date":"2025-09-24T15:07:02","date_gmt":"2025-09-24T13:07:02","guid":{"rendered":"https:\/\/dekoll.al\/?post_type=product&#038;p=3088"},"modified":"2025-11-12T21:25:28","modified_gmt":"2025-11-12T20:25:28","slug":"umweltfreundlich","status":"publish","type":"product","link":"https:\/\/dekoll.al\/de\/produkt\/umweltfreundlich\/","title":{"rendered":"Decolastic ECO"},"content":{"rendered":"<p>Flexibles Zweikomponenten-Abdichtungsmaterial auf Basis von Zement, Sand mit ausgew\u00e4hlter K\u00f6rnung, wasserabweisendem Zusatz und flexiblem Harz. Es zeichnet sich durch hervorragende Verarbeitbarkeit und sehr gute Haftung aus. Geeignet f\u00fcr alle Arten von zementgebundenen Untergr\u00fcnden wie Beton und behandelte W\u00e4nde. Nach dem Aush\u00e4rten bildet es eine flexible und wasserdichte Schicht. F\u00fcr den Innen- und Au\u00dfenbereich.<\/p>","protected":false},"featured_media":3256,"template":"","meta":{"_acf_changed":false,"footnotes":""},"color":[],"product-category":[21],"product-tag":[],"product-type":[36],"class_list":["post-3088","product","type-product","status-publish","has-post-thumbnail","hentry","product-category-hidroizolues","product-type-simple"],"acf":[],"_links":{"self":[{"href":"https:\/\/dekoll.al\/de\/wp-json\/wp\/v2\/product\/3088","targetHints":{"allow":["GET"]}}],"collection":[{"href":"https:\/\/dekoll.al\/de\/wp-json\/wp\/v2\/product"}],"about":[{"href":"https:\/\/dekoll.al\/de\/wp-json\/wp\/v2\/types\/product"}],"version-history":[{"count":1,"href":"https:\/\/dekoll.al\/de\/wp-json\/wp\/v2\/product\/3088\/revisions"}],"predecessor-version":[{"id":3257,"href":"https:\/\/dekoll.al\/de\/wp-json\/wp\/v2\/product\/3088\/revisions\/3257"}],"wp:featuredmedia":[{"embeddable":true,"href":"https:\/\/dekoll.al\/de\/wp-json\/wp\/v2\/media\/3256"}],"wp:attachment":[{"href":"https:\/\/dekoll.al\/de\/wp-json\/wp\/v2\/media?parent=3088"}],"wp:term":[{"taxonomy":"color","embeddable":true,"href":"https:\/\/dekoll.al\/de\/wp-json\/wp\/v2\/color?post=3088"},{"taxonomy":"product-category","embeddable":true,"href":"https:\/\/dekoll.al\/de\/wp-json\/wp\/v2\/product-category?post=3088"},{"taxonomy":"product-tag","embeddable":true,"href":"https:\/\/dekoll.al\/de\/wp-json\/wp\/v2\/product-tag?post=3088"},{"taxonomy":"product-type","embeddable":true,"href":"https:\/\/dekoll.al\/de\/wp-json\/wp\/v2\/product-type?post=3088"}],"curies":[{"name":"wp","href":"https:\/\/api.w.org\/{rel}","templated":true}]}}