{"id":3050,"date":"2025-09-09T18:44:04","date_gmt":"2025-09-09T16:44:04","guid":{"rendered":"https:\/\/dekoll.al\/?post_type=product&#038;p=3050"},"modified":"2025-11-12T21:25:28","modified_gmt":"2025-11-12T20:25:28","slug":"decosil","status":"publish","type":"product","link":"https:\/\/dekoll.al\/de\/produkt\/decosil\/","title":{"rendered":"DEKOSIL"},"content":{"rendered":"<p>Silikon ist eine acetische Verbindung, die bei Raumtemperatur unter dem Einfluss der Luftfeuchtigkeit aush\u00e4rtet. Es bildet einen flexiblen und widerstandsf\u00e4higen Silikonkautschuk. Speziell entwickelt zum Kleben und Abdichten, ist es wasserdicht und f\u00fcr eine Vielzahl nicht por\u00f6ser Oberfl\u00e4chen geeignet. Erh\u00e4ltlich in 4 Farben: transparent, wei\u00df, grau und beige.<\/p>","protected":false},"featured_media":3052,"template":"","meta":{"_acf_changed":false,"footnotes":""},"color":[],"product-category":[34],"product-tag":[],"product-type":[36],"class_list":["post-3050","product","type-product","status-publish","has-post-thumbnail","hentry","product-category-aksesore","product-type-simple"],"acf":[],"_links":{"self":[{"href":"https:\/\/dekoll.al\/de\/wp-json\/wp\/v2\/product\/3050","targetHints":{"allow":["GET"]}}],"collection":[{"href":"https:\/\/dekoll.al\/de\/wp-json\/wp\/v2\/product"}],"about":[{"href":"https:\/\/dekoll.al\/de\/wp-json\/wp\/v2\/types\/product"}],"version-history":[{"count":14,"href":"https:\/\/dekoll.al\/de\/wp-json\/wp\/v2\/product\/3050\/revisions"}],"predecessor-version":[{"id":3255,"href":"https:\/\/dekoll.al\/de\/wp-json\/wp\/v2\/product\/3050\/revisions\/3255"}],"wp:featuredmedia":[{"embeddable":true,"href":"https:\/\/dekoll.al\/de\/wp-json\/wp\/v2\/media\/3052"}],"wp:attachment":[{"href":"https:\/\/dekoll.al\/de\/wp-json\/wp\/v2\/media?parent=3050"}],"wp:term":[{"taxonomy":"color","embeddable":true,"href":"https:\/\/dekoll.al\/de\/wp-json\/wp\/v2\/color?post=3050"},{"taxonomy":"product-category","embeddable":true,"href":"https:\/\/dekoll.al\/de\/wp-json\/wp\/v2\/product-category?post=3050"},{"taxonomy":"product-tag","embeddable":true,"href":"https:\/\/dekoll.al\/de\/wp-json\/wp\/v2\/product-tag?post=3050"},{"taxonomy":"product-type","embeddable":true,"href":"https:\/\/dekoll.al\/de\/wp-json\/wp\/v2\/product-type?post=3050"}],"curies":[{"name":"wp","href":"https:\/\/api.w.org\/{rel}","templated":true}]}}