{"id":3047,"date":"2025-10-03T18:26:00","date_gmt":"2025-10-03T16:26:00","guid":{"rendered":"https:\/\/dekoll.al\/?post_type=product&#038;p=3047"},"modified":"2025-11-12T21:25:28","modified_gmt":"2025-11-12T20:25:28","slug":"pintolux-modern-touch","status":"publish","type":"product","link":"https:\/\/dekoll.al\/de\/produkt\/pintolux-modern-touch\/","title":{"rendered":"Pintolux Modern Touch"},"content":{"rendered":"<p>Es handelt sich um eine gebrauchsfertige dekorative Beschichtung auf Acrylharzbasis, die f\u00fcr glatte und moderne Oberfl\u00e4chen an W\u00e4nden und Fassaden entwickelt wurde. Das Produkt zeichnet sich durch hohe Deckkraft und Haltbarkeit aus und erm\u00f6glicht je nach Verarbeitbarkeit unterschiedliche Effekte. PINTOLUX ist ein einfach anzuwendendes und leicht aufzutragendes Produkt auf horizontalen und vertikalen Fl\u00e4chen. Es kann als dekorative Beschichtung auf allen Arten von Innen- und Au\u00dfenfl\u00e4chen aufgetragen werden. Es ist mit dem PintoColor-Pigmentierungssystem in verschiedenen Farben pigmentiert.<\/p>","protected":false},"featured_media":3048,"template":"","meta":{"_acf_changed":false,"footnotes":""},"color":[],"product-category":[19],"product-tag":[],"product-type":[36],"class_list":["post-3047","product","type-product","status-publish","has-post-thumbnail","hentry","product-category-rifinitura","product-type-simple"],"acf":[],"_links":{"self":[{"href":"https:\/\/dekoll.al\/de\/wp-json\/wp\/v2\/product\/3047","targetHints":{"allow":["GET"]}}],"collection":[{"href":"https:\/\/dekoll.al\/de\/wp-json\/wp\/v2\/product"}],"about":[{"href":"https:\/\/dekoll.al\/de\/wp-json\/wp\/v2\/types\/product"}],"version-history":[{"count":2,"href":"https:\/\/dekoll.al\/de\/wp-json\/wp\/v2\/product\/3047\/revisions"}],"predecessor-version":[{"id":3249,"href":"https:\/\/dekoll.al\/de\/wp-json\/wp\/v2\/product\/3047\/revisions\/3249"}],"wp:featuredmedia":[{"embeddable":true,"href":"https:\/\/dekoll.al\/de\/wp-json\/wp\/v2\/media\/3048"}],"wp:attachment":[{"href":"https:\/\/dekoll.al\/de\/wp-json\/wp\/v2\/media?parent=3047"}],"wp:term":[{"taxonomy":"color","embeddable":true,"href":"https:\/\/dekoll.al\/de\/wp-json\/wp\/v2\/color?post=3047"},{"taxonomy":"product-category","embeddable":true,"href":"https:\/\/dekoll.al\/de\/wp-json\/wp\/v2\/product-category?post=3047"},{"taxonomy":"product-tag","embeddable":true,"href":"https:\/\/dekoll.al\/de\/wp-json\/wp\/v2\/product-tag?post=3047"},{"taxonomy":"product-type","embeddable":true,"href":"https:\/\/dekoll.al\/de\/wp-json\/wp\/v2\/product-type?post=3047"}],"curies":[{"name":"wp","href":"https:\/\/api.w.org\/{rel}","templated":true}]}}