{"id":3043,"date":"2025-09-09T18:07:36","date_gmt":"2025-09-09T16:07:36","guid":{"rendered":"https:\/\/dekoll.al\/?post_type=product&#038;p=3043"},"modified":"2025-11-12T21:25:28","modified_gmt":"2025-11-12T20:25:28","slug":"epoxy-pro-2k","status":"publish","type":"product","link":"https:\/\/dekoll.al\/de\/produkt\/epoxy-pro-2k\/","title":{"rendered":"EPOX PRO 2K"},"content":{"rendered":"<p>EPOX-PRO 2K ist eine wasserbasierte, zweikomponentige Epoxidharz-Bodenfarbe mit einer fortschrittlichen Formel zur Beschichtung und zum Schutz von Industrie- und Gewerbeb\u00f6den. Sie zeichnet sich durch eine \u00e4sthetische, saubere Oberfl\u00e4che aus und ist best\u00e4ndig gegen h\u00e4ufiges Reinigen. EPOX-PRO 2K ist in Wei\u00df oder pigmentierten Farben erh\u00e4ltlich. EPOX-PRO 2K bietet eine langlebige, robuste, saubere und umweltfreundliche Beschichtung, indem sie Oberfl\u00e4chen vor mechanischen und chemischen Besch\u00e4digungen sowie anderen Umwelteinfl\u00fcssen sch\u00fctzt. Sie ist hochbest\u00e4ndig gegen aliphatische L\u00f6sungsmittel, Erd\u00f6lprodukte, Mineral\u00f6le, Benzin und Reinigungsmittel. Zudem bietet sie eine hohe mechanische Best\u00e4ndigkeit gegen Kratzer, Besch\u00e4digungen und Abrieb.<\/p>","protected":false},"featured_media":3044,"template":"","meta":{"_acf_changed":false,"footnotes":""},"color":[],"product-category":[35],"product-tag":[],"product-type":[36],"class_list":["post-3043","product","type-product","status-publish","has-post-thumbnail","hentry","product-category-boje-epokside","product-type-simple"],"acf":[],"_links":{"self":[{"href":"https:\/\/dekoll.al\/de\/wp-json\/wp\/v2\/product\/3043","targetHints":{"allow":["GET"]}}],"collection":[{"href":"https:\/\/dekoll.al\/de\/wp-json\/wp\/v2\/product"}],"about":[{"href":"https:\/\/dekoll.al\/de\/wp-json\/wp\/v2\/types\/product"}],"version-history":[{"count":1,"href":"https:\/\/dekoll.al\/de\/wp-json\/wp\/v2\/product\/3043\/revisions"}],"predecessor-version":[{"id":3426,"href":"https:\/\/dekoll.al\/de\/wp-json\/wp\/v2\/product\/3043\/revisions\/3426"}],"wp:featuredmedia":[{"embeddable":true,"href":"https:\/\/dekoll.al\/de\/wp-json\/wp\/v2\/media\/3044"}],"wp:attachment":[{"href":"https:\/\/dekoll.al\/de\/wp-json\/wp\/v2\/media?parent=3043"}],"wp:term":[{"taxonomy":"color","embeddable":true,"href":"https:\/\/dekoll.al\/de\/wp-json\/wp\/v2\/color?post=3043"},{"taxonomy":"product-category","embeddable":true,"href":"https:\/\/dekoll.al\/de\/wp-json\/wp\/v2\/product-category?post=3043"},{"taxonomy":"product-tag","embeddable":true,"href":"https:\/\/dekoll.al\/de\/wp-json\/wp\/v2\/product-tag?post=3043"},{"taxonomy":"product-type","embeddable":true,"href":"https:\/\/dekoll.al\/de\/wp-json\/wp\/v2\/product-type?post=3043"}],"curies":[{"name":"wp","href":"https:\/\/api.w.org\/{rel}","templated":true}]}}