{"id":2571,"date":"2025-10-06T17:52:00","date_gmt":"2025-10-06T15:52:00","guid":{"rendered":"https:\/\/dekoll.al\/?post_type=product&#038;p=2571"},"modified":"2026-02-13T13:56:28","modified_gmt":"2026-02-13T12:56:28","slug":"hochwertige-dekoration","status":"publish","type":"product","link":"https:\/\/dekoll.al\/de\/produkt\/hochwertige-dekoration\/","title":{"rendered":"Dekocement Superior"},"content":{"rendered":"<p>DEKOCEMENT SUPERIOR ist ein dekoratives Produkt auf Zementbasis mit Polymerzus\u00e4tzen und weiteren Additiven, ohne korrosive Bestandteile, geeignet f\u00fcr den Au\u00dfen- und Innenbereich. Es haftet sehr gut am Untergrund und sorgt f\u00fcr eine starke, glatte und \u00e4sthetisch ansprechende Oberfl\u00e4che. Erh\u00e4ltlich in verschiedenen Farben.<\/p>","protected":false},"featured_media":2572,"template":"","meta":{"_acf_changed":false,"footnotes":""},"color":[],"product-category":[19],"product-tag":[31],"product-type":[36],"class_list":["post-2571","product","type-product","status-publish","has-post-thumbnail","hentry","product-category-rifinitura","product-tag-sistemi-termoizolimit","product-type-simple"],"acf":[],"_links":{"self":[{"href":"https:\/\/dekoll.al\/de\/wp-json\/wp\/v2\/product\/2571","targetHints":{"allow":["GET"]}}],"collection":[{"href":"https:\/\/dekoll.al\/de\/wp-json\/wp\/v2\/product"}],"about":[{"href":"https:\/\/dekoll.al\/de\/wp-json\/wp\/v2\/types\/product"}],"version-history":[{"count":3,"href":"https:\/\/dekoll.al\/de\/wp-json\/wp\/v2\/product\/2571\/revisions"}],"predecessor-version":[{"id":3259,"href":"https:\/\/dekoll.al\/de\/wp-json\/wp\/v2\/product\/2571\/revisions\/3259"}],"wp:featuredmedia":[{"embeddable":true,"href":"https:\/\/dekoll.al\/de\/wp-json\/wp\/v2\/media\/2572"}],"wp:attachment":[{"href":"https:\/\/dekoll.al\/de\/wp-json\/wp\/v2\/media?parent=2571"}],"wp:term":[{"taxonomy":"color","embeddable":true,"href":"https:\/\/dekoll.al\/de\/wp-json\/wp\/v2\/color?post=2571"},{"taxonomy":"product-category","embeddable":true,"href":"https:\/\/dekoll.al\/de\/wp-json\/wp\/v2\/product-category?post=2571"},{"taxonomy":"product-tag","embeddable":true,"href":"https:\/\/dekoll.al\/de\/wp-json\/wp\/v2\/product-tag?post=2571"},{"taxonomy":"product-type","embeddable":true,"href":"https:\/\/dekoll.al\/de\/wp-json\/wp\/v2\/product-type?post=2571"}],"curies":[{"name":"wp","href":"https:\/\/api.w.org\/{rel}","templated":true}]}}