{"id":1462,"date":"2024-12-16T01:03:00","date_gmt":"2024-12-16T00:03:00","guid":{"rendered":"https:\/\/dekoll.growdevs.com\/?post_type=product&#038;p=1462"},"modified":"2025-11-12T21:25:29","modified_gmt":"2025-11-12T20:25:29","slug":"ecoliner","status":"publish","type":"product","link":"https:\/\/dekoll.al\/de\/produkt\/ecoliner\/","title":{"rendered":"ECOLINER"},"content":{"rendered":"<p>Spachtelmasse auf Wei\u00dfzementbasis, Ausgleichs- und Ausgleichsmasse f\u00fcr W\u00e4rmed\u00e4mmplatten (EPS), sowie f\u00fcr Spachtelputze auf Kalkzementbasis, f\u00fcr Fassade und Schokolade. Es zeichnet sich durch eine sehr gute Verarbeitbarkeit und eine hohe Feuchtigkeitsbest\u00e4ndigkeit aus. Maximale Schichtdicke bis 3mm.<\/p>","protected":false},"featured_media":1463,"template":"","meta":{"_acf_changed":false,"footnotes":""},"color":[],"product-category":[20],"product-tag":[31],"product-type":[36],"class_list":["post-1462","product","type-product","status-publish","has-post-thumbnail","hentry","product-category-termoizolues","product-tag-sistemi-termoizolimit","product-type-simple"],"acf":[],"_links":{"self":[{"href":"https:\/\/dekoll.al\/de\/wp-json\/wp\/v2\/product\/1462","targetHints":{"allow":["GET"]}}],"collection":[{"href":"https:\/\/dekoll.al\/de\/wp-json\/wp\/v2\/product"}],"about":[{"href":"https:\/\/dekoll.al\/de\/wp-json\/wp\/v2\/types\/product"}],"version-history":[{"count":1,"href":"https:\/\/dekoll.al\/de\/wp-json\/wp\/v2\/product\/1462\/revisions"}],"predecessor-version":[{"id":3432,"href":"https:\/\/dekoll.al\/de\/wp-json\/wp\/v2\/product\/1462\/revisions\/3432"}],"wp:featuredmedia":[{"embeddable":true,"href":"https:\/\/dekoll.al\/de\/wp-json\/wp\/v2\/media\/1463"}],"wp:attachment":[{"href":"https:\/\/dekoll.al\/de\/wp-json\/wp\/v2\/media?parent=1462"}],"wp:term":[{"taxonomy":"color","embeddable":true,"href":"https:\/\/dekoll.al\/de\/wp-json\/wp\/v2\/color?post=1462"},{"taxonomy":"product-category","embeddable":true,"href":"https:\/\/dekoll.al\/de\/wp-json\/wp\/v2\/product-category?post=1462"},{"taxonomy":"product-tag","embeddable":true,"href":"https:\/\/dekoll.al\/de\/wp-json\/wp\/v2\/product-tag?post=1462"},{"taxonomy":"product-type","embeddable":true,"href":"https:\/\/dekoll.al\/de\/wp-json\/wp\/v2\/product-type?post=1462"}],"curies":[{"name":"wp","href":"https:\/\/api.w.org\/{rel}","templated":true}]}}