{"id":1438,"date":"2024-12-15T00:41:06","date_gmt":"2024-12-14T23:41:06","guid":{"rendered":"https:\/\/dekoll.growdevs.com\/?post_type=product&#038;p=1438"},"modified":"2026-02-13T13:57:44","modified_gmt":"2026-02-13T12:57:44","slug":"reparaturmortel","status":"publish","type":"product","link":"https:\/\/dekoll.al\/de\/produkt\/reparaturmortel\/","title":{"rendered":"REPAIR MORTAR"},"content":{"rendered":"<p>Vorgefertigter Reparaturm\u00f6rtel auf Zementbasis, verst\u00e4rkt mit Fasern und modifizierten Zusatzstoffen zur Verwendung in<br>Innen- und Au\u00dfenumgebungen. Angebote:<\/p>\n\n\n\n<ul class=\"wp-block-list\">\n<li>Hohe mechanische Best\u00e4ndigkeit.<\/li>\n\n\n\n<li>Einfache Verarbeitbarkeit.<\/li>\n\n\n\n<li>Es rei\u00dft nicht, erzeugt keine Risse und gleitet nicht in gro\u00dfen Dicken (3-6 cm).<\/li>\n\n\n\n<li>Best\u00e4ndig gegen extreme Temperaturen und Abrieb.<\/li>\n\n\n\n<li>Hohe Feuchtigkeitsbest\u00e4ndigkeit.<\/li>\n\n\n\n<li>Sehr gute Haftung auf dem Untergrund. Gem\u00e4\u00df EN 1504-3 als PCC R3-M\u00f6rtel f\u00fcr Betonreparaturen klassifiziert<\/li>\n<\/ul>","protected":false},"featured_media":1450,"template":"","meta":{"_acf_changed":false,"footnotes":""},"color":[],"product-category":[27],"product-tag":[31],"product-type":[36],"class_list":["post-1438","product","type-product","status-publish","has-post-thumbnail","hentry","product-category-suva-mbushese","product-tag-sistemi-termoizolimit","product-type-simple"],"acf":[],"_links":{"self":[{"href":"https:\/\/dekoll.al\/de\/wp-json\/wp\/v2\/product\/1438","targetHints":{"allow":["GET"]}}],"collection":[{"href":"https:\/\/dekoll.al\/de\/wp-json\/wp\/v2\/product"}],"about":[{"href":"https:\/\/dekoll.al\/de\/wp-json\/wp\/v2\/types\/product"}],"version-history":[{"count":1,"href":"https:\/\/dekoll.al\/de\/wp-json\/wp\/v2\/product\/1438\/revisions"}],"predecessor-version":[{"id":3324,"href":"https:\/\/dekoll.al\/de\/wp-json\/wp\/v2\/product\/1438\/revisions\/3324"}],"wp:featuredmedia":[{"embeddable":true,"href":"https:\/\/dekoll.al\/de\/wp-json\/wp\/v2\/media\/1450"}],"wp:attachment":[{"href":"https:\/\/dekoll.al\/de\/wp-json\/wp\/v2\/media?parent=1438"}],"wp:term":[{"taxonomy":"color","embeddable":true,"href":"https:\/\/dekoll.al\/de\/wp-json\/wp\/v2\/color?post=1438"},{"taxonomy":"product-category","embeddable":true,"href":"https:\/\/dekoll.al\/de\/wp-json\/wp\/v2\/product-category?post=1438"},{"taxonomy":"product-tag","embeddable":true,"href":"https:\/\/dekoll.al\/de\/wp-json\/wp\/v2\/product-tag?post=1438"},{"taxonomy":"product-type","embeddable":true,"href":"https:\/\/dekoll.al\/de\/wp-json\/wp\/v2\/product-type?post=1438"}],"curies":[{"name":"wp","href":"https:\/\/api.w.org\/{rel}","templated":true}]}}