{"id":1421,"date":"2024-12-15T00:40:29","date_gmt":"2024-12-14T23:40:29","guid":{"rendered":"https:\/\/dekoll.growdevs.com\/?post_type=product&#038;p=1421"},"modified":"2026-02-13T13:34:10","modified_gmt":"2026-02-13T12:34:10","slug":"maxikoll-c2t","status":"publish","type":"product","link":"https:\/\/dekoll.al\/de\/produkt\/maxikoll-c2t\/","title":{"rendered":"MAXIKOLL C2T"},"content":{"rendered":"<p>Fliesenkleber auf Zementbasis (C), mit verbesserter Klebekraft (2), kein vertikales Verrutschen (T). Bestehend aus Marmorsand mit ausgew\u00e4hlter K\u00f6rnung, der dem Kleber eine besondere Wei\u00dfe verleiht. Gem\u00e4\u00df der Norm EN 12004 als C2T-Klebstoff klassifiziert.<\/p>\n\n\n\n<p><\/p>","protected":false},"featured_media":1441,"template":"","meta":{"_acf_changed":false,"footnotes":""},"color":[],"product-category":[22],"product-tag":[33,32],"product-type":[36],"class_list":["post-1421","product","type-product","status-publish","has-post-thumbnail","hentry","product-category-ngjites-pllakash","product-tag-shtrim-pllakash","product-tag-sistemi-i-hidrolizimit","product-type-simple"],"acf":[],"_links":{"self":[{"href":"https:\/\/dekoll.al\/de\/wp-json\/wp\/v2\/product\/1421","targetHints":{"allow":["GET"]}}],"collection":[{"href":"https:\/\/dekoll.al\/de\/wp-json\/wp\/v2\/product"}],"about":[{"href":"https:\/\/dekoll.al\/de\/wp-json\/wp\/v2\/types\/product"}],"version-history":[{"count":1,"href":"https:\/\/dekoll.al\/de\/wp-json\/wp\/v2\/product\/1421\/revisions"}],"predecessor-version":[{"id":3315,"href":"https:\/\/dekoll.al\/de\/wp-json\/wp\/v2\/product\/1421\/revisions\/3315"}],"wp:featuredmedia":[{"embeddable":true,"href":"https:\/\/dekoll.al\/de\/wp-json\/wp\/v2\/media\/1441"}],"wp:attachment":[{"href":"https:\/\/dekoll.al\/de\/wp-json\/wp\/v2\/media?parent=1421"}],"wp:term":[{"taxonomy":"color","embeddable":true,"href":"https:\/\/dekoll.al\/de\/wp-json\/wp\/v2\/color?post=1421"},{"taxonomy":"product-category","embeddable":true,"href":"https:\/\/dekoll.al\/de\/wp-json\/wp\/v2\/product-category?post=1421"},{"taxonomy":"product-tag","embeddable":true,"href":"https:\/\/dekoll.al\/de\/wp-json\/wp\/v2\/product-tag?post=1421"},{"taxonomy":"product-type","embeddable":true,"href":"https:\/\/dekoll.al\/de\/wp-json\/wp\/v2\/product-type?post=1421"}],"curies":[{"name":"wp","href":"https:\/\/api.w.org\/{rel}","templated":true}]}}