{"id":1420,"date":"2024-12-15T00:20:00","date_gmt":"2024-12-14T23:20:00","guid":{"rendered":"https:\/\/dekoll.growdevs.com\/?post_type=product&#038;p=1420"},"modified":"2025-11-12T21:25:29","modified_gmt":"2025-11-12T20:25:29","slug":"lightkoll-c2tes2","status":"publish","type":"product","link":"https:\/\/dekoll.al\/de\/produkt\/lightkoll-c2tes2\/","title":{"rendered":"LIGHTKOLL C2TES2"},"content":{"rendered":"<p>Hochwertiger Fliesenkleber auf Zementbasis (C), sehr elastisch (S2) bei geringem Gewicht, bestehend aus Spezialsand auf Quarzbasis, Kunstharzen, spezifischen Zus\u00e4tzen, mit verbesserter Klebekraft (2), rutschhemmend (T) und langlebig Arbeitszeit(E). Es zeichnet sich durch hervorragende Verarbeitbarkeit und gleichm\u00e4\u00dfige H\u00e4rte aus. Gem\u00e4\u00df der Norm EN 12004 als C2TES2-Klebstoff klassifiziert.<\/p>\n\n\n\n<p><\/p>","protected":false},"featured_media":1429,"template":"","meta":{"_acf_changed":false,"footnotes":""},"color":[],"product-category":[22],"product-tag":[33,32],"product-type":[36],"class_list":["post-1420","product","type-product","status-publish","has-post-thumbnail","hentry","product-category-ngjites-pllakash","product-tag-shtrim-pllakash","product-tag-sistemi-i-hidrolizimit","product-type-simple"],"acf":[],"_links":{"self":[{"href":"https:\/\/dekoll.al\/de\/wp-json\/wp\/v2\/product\/1420","targetHints":{"allow":["GET"]}}],"collection":[{"href":"https:\/\/dekoll.al\/de\/wp-json\/wp\/v2\/product"}],"about":[{"href":"https:\/\/dekoll.al\/de\/wp-json\/wp\/v2\/types\/product"}],"version-history":[{"count":1,"href":"https:\/\/dekoll.al\/de\/wp-json\/wp\/v2\/product\/1420\/revisions"}],"predecessor-version":[{"id":3433,"href":"https:\/\/dekoll.al\/de\/wp-json\/wp\/v2\/product\/1420\/revisions\/3433"}],"wp:featuredmedia":[{"embeddable":true,"href":"https:\/\/dekoll.al\/de\/wp-json\/wp\/v2\/media\/1429"}],"wp:attachment":[{"href":"https:\/\/dekoll.al\/de\/wp-json\/wp\/v2\/media?parent=1420"}],"wp:term":[{"taxonomy":"color","embeddable":true,"href":"https:\/\/dekoll.al\/de\/wp-json\/wp\/v2\/color?post=1420"},{"taxonomy":"product-category","embeddable":true,"href":"https:\/\/dekoll.al\/de\/wp-json\/wp\/v2\/product-category?post=1420"},{"taxonomy":"product-tag","embeddable":true,"href":"https:\/\/dekoll.al\/de\/wp-json\/wp\/v2\/product-tag?post=1420"},{"taxonomy":"product-type","embeddable":true,"href":"https:\/\/dekoll.al\/de\/wp-json\/wp\/v2\/product-type?post=1420"}],"curies":[{"name":"wp","href":"https:\/\/api.w.org\/{rel}","templated":true}]}}