{"id":1419,"date":"2024-12-15T00:29:58","date_gmt":"2024-12-14T23:29:58","guid":{"rendered":"https:\/\/dekoll.growdevs.com\/?post_type=product&#038;p=1419"},"modified":"2026-02-13T13:57:31","modified_gmt":"2026-02-13T12:57:31","slug":"vormischung","status":"publish","type":"product","link":"https:\/\/dekoll.al\/de\/produkt\/vormischung\/","title":{"rendered":"PREMIX"},"content":{"rendered":"<p>F\u00fcllputz auf Zementkalkbasis f\u00fcr Innenw\u00e4nde, Decken und Fassaden. Geeignet f\u00fcr alle Arten von Fundamenten wie Ziegelmauern, Betonblockw\u00e4nde, Sandstein und Kalkstein. Es ist nicht f\u00fcr Fundamente mit konstanter Feuchtigkeit geeignet. Im Vergleich zu herk\u00f6mmlichem M\u00f6rtel reduziert 25% die Auftragsmenge.<\/p>","protected":false},"featured_media":1422,"template":"","meta":{"_acf_changed":false,"footnotes":""},"color":[],"product-category":[27],"product-tag":[31],"product-type":[36],"class_list":["post-1419","product","type-product","status-publish","has-post-thumbnail","hentry","product-category-suva-mbushese","product-tag-sistemi-termoizolimit","product-type-simple"],"acf":[],"_links":{"self":[{"href":"https:\/\/dekoll.al\/de\/wp-json\/wp\/v2\/product\/1419","targetHints":{"allow":["GET"]}}],"collection":[{"href":"https:\/\/dekoll.al\/de\/wp-json\/wp\/v2\/product"}],"about":[{"href":"https:\/\/dekoll.al\/de\/wp-json\/wp\/v2\/types\/product"}],"version-history":[{"count":1,"href":"https:\/\/dekoll.al\/de\/wp-json\/wp\/v2\/product\/1419\/revisions"}],"predecessor-version":[{"id":3322,"href":"https:\/\/dekoll.al\/de\/wp-json\/wp\/v2\/product\/1419\/revisions\/3322"}],"wp:featuredmedia":[{"embeddable":true,"href":"https:\/\/dekoll.al\/de\/wp-json\/wp\/v2\/media\/1422"}],"wp:attachment":[{"href":"https:\/\/dekoll.al\/de\/wp-json\/wp\/v2\/media?parent=1419"}],"wp:term":[{"taxonomy":"color","embeddable":true,"href":"https:\/\/dekoll.al\/de\/wp-json\/wp\/v2\/color?post=1419"},{"taxonomy":"product-category","embeddable":true,"href":"https:\/\/dekoll.al\/de\/wp-json\/wp\/v2\/product-category?post=1419"},{"taxonomy":"product-tag","embeddable":true,"href":"https:\/\/dekoll.al\/de\/wp-json\/wp\/v2\/product-tag?post=1419"},{"taxonomy":"product-type","embeddable":true,"href":"https:\/\/dekoll.al\/de\/wp-json\/wp\/v2\/product-type?post=1419"}],"curies":[{"name":"wp","href":"https:\/\/api.w.org\/{rel}","templated":true}]}}