{"id":1394,"date":"2025-10-14T00:08:00","date_gmt":"2025-10-13T22:08:00","guid":{"rendered":"https:\/\/dekoll.growdevs.com\/?post_type=product&#038;p=1394"},"modified":"2026-02-13T13:56:28","modified_gmt":"2026-02-13T12:56:28","slug":"ultrafinish","status":"publish","type":"product","link":"https:\/\/dekoll.al\/de\/produkt\/ultrafinish\/","title":{"rendered":"ULTRAFINISH"},"content":{"rendered":"<p>Patinierungsspachtel auf Wei\u00dfzementbasis, bestehend aus Kalkhydrat, hochwertigem Marmorsand, speziellen Kunstharzen und spezifischen Zusatzstoffen. Faserverst\u00e4rkt. Es zeichnet sich durch hervorragende Verarbeitbarkeit und sehr gute \u00d6ffnung sowohl auf horizontalen als auch auf vertikalen Fl\u00e4chen aus. Der Auftrag ist bis zu einer Dicke von 3 mm zul\u00e4ssig. Nach dem Schleifen mit Schmirgelpapier ergibt sich eine glatte Reparaturlackierung.<\/p>","protected":false},"featured_media":1397,"template":"","meta":{"_acf_changed":false,"footnotes":""},"color":[],"product-category":[19],"product-tag":[31],"product-type":[36],"class_list":["post-1394","product","type-product","status-publish","has-post-thumbnail","hentry","product-category-rifinitura","product-tag-sistemi-termoizolimit","product-type-simple"],"acf":[],"_links":{"self":[{"href":"https:\/\/dekoll.al\/de\/wp-json\/wp\/v2\/product\/1394","targetHints":{"allow":["GET"]}}],"collection":[{"href":"https:\/\/dekoll.al\/de\/wp-json\/wp\/v2\/product"}],"about":[{"href":"https:\/\/dekoll.al\/de\/wp-json\/wp\/v2\/types\/product"}],"version-history":[{"count":2,"href":"https:\/\/dekoll.al\/de\/wp-json\/wp\/v2\/product\/1394\/revisions"}],"predecessor-version":[{"id":3277,"href":"https:\/\/dekoll.al\/de\/wp-json\/wp\/v2\/product\/1394\/revisions\/3277"}],"wp:featuredmedia":[{"embeddable":true,"href":"https:\/\/dekoll.al\/de\/wp-json\/wp\/v2\/media\/1397"}],"wp:attachment":[{"href":"https:\/\/dekoll.al\/de\/wp-json\/wp\/v2\/media?parent=1394"}],"wp:term":[{"taxonomy":"color","embeddable":true,"href":"https:\/\/dekoll.al\/de\/wp-json\/wp\/v2\/color?post=1394"},{"taxonomy":"product-category","embeddable":true,"href":"https:\/\/dekoll.al\/de\/wp-json\/wp\/v2\/product-category?post=1394"},{"taxonomy":"product-tag","embeddable":true,"href":"https:\/\/dekoll.al\/de\/wp-json\/wp\/v2\/product-tag?post=1394"},{"taxonomy":"product-type","embeddable":true,"href":"https:\/\/dekoll.al\/de\/wp-json\/wp\/v2\/product-type?post=1394"}],"curies":[{"name":"wp","href":"https:\/\/api.w.org\/{rel}","templated":true}]}}