{"id":1393,"date":"2024-12-15T00:32:00","date_gmt":"2024-12-14T23:32:00","guid":{"rendered":"https:\/\/dekoll.growdevs.com\/?post_type=product&#038;p=1393"},"modified":"2026-02-13T13:33:17","modified_gmt":"2026-02-13T12:33:17","slug":"flexcoll-c2te","status":"publish","type":"product","link":"https:\/\/dekoll.al\/de\/produkt\/flexcoll-c2te\/","title":{"rendered":"FLEXCOLL C2TE"},"content":{"rendered":"<p>Zementbasierter Fliesenkleber (C), bestehend aus hochwertigem Sand, Kunstharzen und spezifischen Additiven mit verbesserter Haftfestigkeit (2), Rutschfestigkeit (T) und sehr langer Korrekturzeit (E). Es zeichnet sich durch eine hervorragende Verarbeitbarkeit und gleichm\u00e4\u00dfige H\u00e4rte aus. Gem\u00e4\u00df der Norm EN 12004 als C2TE-Klebstoff klassifiziert.<\/p>","protected":false},"featured_media":1412,"template":"","meta":{"_acf_changed":false,"footnotes":""},"color":[],"product-category":[22],"product-tag":[33,32],"product-type":[36],"class_list":["post-1393","product","type-product","status-publish","has-post-thumbnail","hentry","product-category-ngjites-pllakash","product-tag-shtrim-pllakash","product-tag-sistemi-i-hidrolizimit","product-type-simple"],"acf":[],"_links":{"self":[{"href":"https:\/\/dekoll.al\/de\/wp-json\/wp\/v2\/product\/1393","targetHints":{"allow":["GET"]}}],"collection":[{"href":"https:\/\/dekoll.al\/de\/wp-json\/wp\/v2\/product"}],"about":[{"href":"https:\/\/dekoll.al\/de\/wp-json\/wp\/v2\/types\/product"}],"version-history":[{"count":1,"href":"https:\/\/dekoll.al\/de\/wp-json\/wp\/v2\/product\/1393\/revisions"}],"predecessor-version":[{"id":3299,"href":"https:\/\/dekoll.al\/de\/wp-json\/wp\/v2\/product\/1393\/revisions\/3299"}],"wp:featuredmedia":[{"embeddable":true,"href":"https:\/\/dekoll.al\/de\/wp-json\/wp\/v2\/media\/1412"}],"wp:attachment":[{"href":"https:\/\/dekoll.al\/de\/wp-json\/wp\/v2\/media?parent=1393"}],"wp:term":[{"taxonomy":"color","embeddable":true,"href":"https:\/\/dekoll.al\/de\/wp-json\/wp\/v2\/color?post=1393"},{"taxonomy":"product-category","embeddable":true,"href":"https:\/\/dekoll.al\/de\/wp-json\/wp\/v2\/product-category?post=1393"},{"taxonomy":"product-tag","embeddable":true,"href":"https:\/\/dekoll.al\/de\/wp-json\/wp\/v2\/product-tag?post=1393"},{"taxonomy":"product-type","embeddable":true,"href":"https:\/\/dekoll.al\/de\/wp-json\/wp\/v2\/product-type?post=1393"}],"curies":[{"name":"wp","href":"https:\/\/api.w.org\/{rel}","templated":true}]}}