{"id":1349,"date":"2024-12-21T23:46:00","date_gmt":"2024-12-21T22:46:00","guid":{"rendered":"https:\/\/dekoll.growdevs.com\/?post_type=product&#038;p=1349"},"modified":"2026-02-13T13:33:34","modified_gmt":"2026-02-13T12:33:34","slug":"e-mischen-c1e","status":"publish","type":"product","link":"https:\/\/dekoll.al\/de\/produkt\/e-mischen-c1e\/","title":{"rendered":"E-MIX C1E"},"content":{"rendered":"<p>Kleber f\u00fcr zementgebundene Fliesen mit normaler Klebekraft (C1), langer Verarbeitungszeit (E). Es zeichnet sich durch sehr gute Verarbeitbarkeit, gute Feuchtigkeitsbest\u00e4ndigkeit und gleichm\u00e4\u00dfige H\u00e4rte aus. Gem\u00e4\u00df der Norm EN 12004 als C1E-Klebstoff klassifiziert.<\/p>","protected":false},"featured_media":1350,"template":"","meta":{"_acf_changed":false,"footnotes":""},"color":[],"product-category":[22],"product-tag":[33,32],"product-type":[36],"class_list":["post-1349","product","type-product","status-publish","has-post-thumbnail","hentry","product-category-ngjites-pllakash","product-tag-shtrim-pllakash","product-tag-sistemi-i-hidrolizimit","product-type-simple"],"acf":[],"_links":{"self":[{"href":"https:\/\/dekoll.al\/de\/wp-json\/wp\/v2\/product\/1349","targetHints":{"allow":["GET"]}}],"collection":[{"href":"https:\/\/dekoll.al\/de\/wp-json\/wp\/v2\/product"}],"about":[{"href":"https:\/\/dekoll.al\/de\/wp-json\/wp\/v2\/types\/product"}],"version-history":[{"count":2,"href":"https:\/\/dekoll.al\/de\/wp-json\/wp\/v2\/product\/1349\/revisions"}],"predecessor-version":[{"id":3297,"href":"https:\/\/dekoll.al\/de\/wp-json\/wp\/v2\/product\/1349\/revisions\/3297"}],"wp:featuredmedia":[{"embeddable":true,"href":"https:\/\/dekoll.al\/de\/wp-json\/wp\/v2\/media\/1350"}],"wp:attachment":[{"href":"https:\/\/dekoll.al\/de\/wp-json\/wp\/v2\/media?parent=1349"}],"wp:term":[{"taxonomy":"color","embeddable":true,"href":"https:\/\/dekoll.al\/de\/wp-json\/wp\/v2\/color?post=1349"},{"taxonomy":"product-category","embeddable":true,"href":"https:\/\/dekoll.al\/de\/wp-json\/wp\/v2\/product-category?post=1349"},{"taxonomy":"product-tag","embeddable":true,"href":"https:\/\/dekoll.al\/de\/wp-json\/wp\/v2\/product-tag?post=1349"},{"taxonomy":"product-type","embeddable":true,"href":"https:\/\/dekoll.al\/de\/wp-json\/wp\/v2\/product-type?post=1349"}],"curies":[{"name":"wp","href":"https:\/\/api.w.org\/{rel}","templated":true}]}}