{"id":1344,"date":"2024-12-14T23:27:00","date_gmt":"2024-12-14T22:27:00","guid":{"rendered":"https:\/\/dekoll.growdevs.com\/?post_type=product&#038;p=1344"},"modified":"2026-02-13T13:25:17","modified_gmt":"2026-02-13T12:25:17","slug":"silikongitter","status":"publish","type":"product","link":"https:\/\/dekoll.al\/de\/produkt\/silikongitter\/","title":{"rendered":"GRATEX SILIKONI"},"content":{"rendered":"<p>Abschlie\u00dfende dekorative Silikonschicht zur Verwendung auf Au\u00dfenfassaden sowie Innenfl\u00e4chen. Dieses Produkt bildet eine stabile Struktur, die gegen Witterungseinfl\u00fcsse wie Sonnenlicht und Schimmelbildung best\u00e4ndig ist, da es die Durchl\u00e4ssigkeit von D\u00e4mpfen erm\u00f6glicht. Es ist ein einfach aufzutragendes Produkt mit sehr guter Verteilung und Haftung.<\/p>\n\n\n\n<p><\/p>","protected":false},"featured_media":1346,"template":"","meta":{"_acf_changed":false,"footnotes":""},"color":[],"product-category":[19],"product-tag":[31],"product-type":[36],"class_list":["post-1344","product","type-product","status-publish","has-post-thumbnail","hentry","product-category-rifinitura","product-tag-sistemi-termoizolimit","product-type-simple"],"acf":[],"_links":{"self":[{"href":"https:\/\/dekoll.al\/de\/wp-json\/wp\/v2\/product\/1344","targetHints":{"allow":["GET"]}}],"collection":[{"href":"https:\/\/dekoll.al\/de\/wp-json\/wp\/v2\/product"}],"about":[{"href":"https:\/\/dekoll.al\/de\/wp-json\/wp\/v2\/types\/product"}],"version-history":[{"count":1,"href":"https:\/\/dekoll.al\/de\/wp-json\/wp\/v2\/product\/1344\/revisions"}],"predecessor-version":[{"id":3436,"href":"https:\/\/dekoll.al\/de\/wp-json\/wp\/v2\/product\/1344\/revisions\/3436"}],"wp:featuredmedia":[{"embeddable":true,"href":"https:\/\/dekoll.al\/de\/wp-json\/wp\/v2\/media\/1346"}],"wp:attachment":[{"href":"https:\/\/dekoll.al\/de\/wp-json\/wp\/v2\/media?parent=1344"}],"wp:term":[{"taxonomy":"color","embeddable":true,"href":"https:\/\/dekoll.al\/de\/wp-json\/wp\/v2\/color?post=1344"},{"taxonomy":"product-category","embeddable":true,"href":"https:\/\/dekoll.al\/de\/wp-json\/wp\/v2\/product-category?post=1344"},{"taxonomy":"product-tag","embeddable":true,"href":"https:\/\/dekoll.al\/de\/wp-json\/wp\/v2\/product-tag?post=1344"},{"taxonomy":"product-type","embeddable":true,"href":"https:\/\/dekoll.al\/de\/wp-json\/wp\/v2\/product-type?post=1344"}],"curies":[{"name":"wp","href":"https:\/\/api.w.org\/{rel}","templated":true}]}}