{"id":1315,"date":"2024-12-14T23:29:50","date_gmt":"2024-12-14T22:29:50","guid":{"rendered":"https:\/\/dekoll.growdevs.com\/?post_type=product&#038;p=1315"},"modified":"2025-11-19T09:56:54","modified_gmt":"2025-11-19T08:56:54","slug":"decorapid-c2ft","status":"publish","type":"product","link":"https:\/\/dekoll.al\/de\/produkt\/decorapid-c2ft\/","title":{"rendered":"DEKORAPID C2FT"},"content":{"rendered":"<p>DekoRapid ist ein zementbasierter, polymermodifizierter, schnell abbindender Fliesenkleber. Bietet eine hohe Klebekraft sowie Feuchtigkeitsbest\u00e4ndigkeit. Gem\u00e4\u00df der Norm EN 12004 als C2 FT-Klebstoff klassifiziert.<\/p>\n\n\n\n<p><\/p>","protected":false},"featured_media":1330,"template":"","meta":{"_acf_changed":false,"footnotes":""},"color":[],"product-category":[22],"product-tag":[33,32],"product-type":[36],"class_list":["post-1315","product","type-product","status-publish","has-post-thumbnail","hentry","product-category-ngjites-pllakash","product-tag-shtrim-pllakash","product-tag-sistemi-i-hidrolizimit","product-type-simple"],"acf":[],"_links":{"self":[{"href":"https:\/\/dekoll.al\/de\/wp-json\/wp\/v2\/product\/1315","targetHints":{"allow":["GET"]}}],"collection":[{"href":"https:\/\/dekoll.al\/de\/wp-json\/wp\/v2\/product"}],"about":[{"href":"https:\/\/dekoll.al\/de\/wp-json\/wp\/v2\/types\/product"}],"version-history":[{"count":2,"href":"https:\/\/dekoll.al\/de\/wp-json\/wp\/v2\/product\/1315\/revisions"}],"predecessor-version":[{"id":3689,"href":"https:\/\/dekoll.al\/de\/wp-json\/wp\/v2\/product\/1315\/revisions\/3689"}],"wp:featuredmedia":[{"embeddable":true,"href":"https:\/\/dekoll.al\/de\/wp-json\/wp\/v2\/media\/1330"}],"wp:attachment":[{"href":"https:\/\/dekoll.al\/de\/wp-json\/wp\/v2\/media?parent=1315"}],"wp:term":[{"taxonomy":"color","embeddable":true,"href":"https:\/\/dekoll.al\/de\/wp-json\/wp\/v2\/color?post=1315"},{"taxonomy":"product-category","embeddable":true,"href":"https:\/\/dekoll.al\/de\/wp-json\/wp\/v2\/product-category?post=1315"},{"taxonomy":"product-tag","embeddable":true,"href":"https:\/\/dekoll.al\/de\/wp-json\/wp\/v2\/product-tag?post=1315"},{"taxonomy":"product-type","embeddable":true,"href":"https:\/\/dekoll.al\/de\/wp-json\/wp\/v2\/product-type?post=1315"}],"curies":[{"name":"wp","href":"https:\/\/api.w.org\/{rel}","templated":true}]}}