{"id":1314,"date":"2024-12-15T00:31:00","date_gmt":"2024-12-14T23:31:00","guid":{"rendered":"https:\/\/dekoll.growdevs.com\/?post_type=product&#038;p=1314"},"modified":"2026-02-16T14:17:42","modified_gmt":"2026-02-16T13:17:42","slug":"altakoll-c2tes1","status":"publish","type":"product","link":"https:\/\/dekoll.al\/de\/produkt\/altakoll-c2tes1\/","title":{"rendered":"ALTAKOLL C2TES1"},"content":{"rendered":"<p>Sehr hochwertiger Fliesenkleber auf Zementbasis (C), bestehend aus hochwertigem Carbonat- und Marmorsand, Kunstharzen und spezifischen Additiven mit verbesserter Klebekraft (2), Rutschfestigkeit (T) und langer Offenzeit (E) und mit Flexibilit\u00e4t (S1). Es zeichnet sich durch hervorragende Verarbeitbarkeit, hohe Feuchtigkeitsbest\u00e4ndigkeit und gleichm\u00e4\u00dfige H\u00e4rte aus. Es wird in Schichten bis zu einer Dicke von 15 mm aufgetragen. Gem\u00e4\u00df der Norm EN 12004 als C2TES1-Klebstoff klassifiziert.<\/p>\n\n\n\n<p><\/p>","protected":false},"featured_media":1322,"template":"","meta":{"_acf_changed":false,"footnotes":""},"color":[],"product-category":[22],"product-tag":[33,32],"product-type":[36],"class_list":["post-1314","product","type-product","status-publish","has-post-thumbnail","hentry","product-category-ngjites-pllakash","product-tag-shtrim-pllakash","product-tag-sistemi-i-hidrolizimit","product-type-simple"],"acf":[],"_links":{"self":[{"href":"https:\/\/dekoll.al\/de\/wp-json\/wp\/v2\/product\/1314","targetHints":{"allow":["GET"]}}],"collection":[{"href":"https:\/\/dekoll.al\/de\/wp-json\/wp\/v2\/product"}],"about":[{"href":"https:\/\/dekoll.al\/de\/wp-json\/wp\/v2\/types\/product"}],"version-history":[{"count":2,"href":"https:\/\/dekoll.al\/de\/wp-json\/wp\/v2\/product\/1314\/revisions"}],"predecessor-version":[{"id":3996,"href":"https:\/\/dekoll.al\/de\/wp-json\/wp\/v2\/product\/1314\/revisions\/3996"}],"wp:featuredmedia":[{"embeddable":true,"href":"https:\/\/dekoll.al\/de\/wp-json\/wp\/v2\/media\/1322"}],"wp:attachment":[{"href":"https:\/\/dekoll.al\/de\/wp-json\/wp\/v2\/media?parent=1314"}],"wp:term":[{"taxonomy":"color","embeddable":true,"href":"https:\/\/dekoll.al\/de\/wp-json\/wp\/v2\/color?post=1314"},{"taxonomy":"product-category","embeddable":true,"href":"https:\/\/dekoll.al\/de\/wp-json\/wp\/v2\/product-category?post=1314"},{"taxonomy":"product-tag","embeddable":true,"href":"https:\/\/dekoll.al\/de\/wp-json\/wp\/v2\/product-tag?post=1314"},{"taxonomy":"product-type","embeddable":true,"href":"https:\/\/dekoll.al\/de\/wp-json\/wp\/v2\/product-type?post=1314"}],"curies":[{"name":"wp","href":"https:\/\/api.w.org\/{rel}","templated":true}]}}