{"id":1292,"date":"2024-12-14T22:58:33","date_gmt":"2024-12-14T21:58:33","guid":{"rendered":"https:\/\/dekoll.growdevs.com\/?post_type=product&#038;p=1292"},"modified":"2025-11-12T21:25:29","modified_gmt":"2025-11-12T20:25:29","slug":"siliziumgraphit","status":"publish","type":"product","link":"https:\/\/dekoll.al\/de\/produkt\/siliziumgraphit\/","title":{"rendered":"GRAFIATO SILIKONI"},"content":{"rendered":"<p>Dekorative Silikonbeschichtung f\u00fcr den Einsatz an Au\u00dfenfassaden. Es handelt sich um ein \u00f6kologisch gepr\u00fcftes Herstellungsprodukt<br>Basierend auf der HTT-Technologie, die es erm\u00f6glicht, die Wand zu bel\u00fcften und Schimmel vorzubeugen. Dieses Produkt l\u00e4sst keine Risse zu und verhindert, dass sich Schmutz mit ihm verbindet, sodass es sich sehr leicht selbst reinigt. GRAFIATO SILICON zeichnet sich durch folgende Eigenschaften aus:<\/p>\n\n\n\n<ul class=\"wp-block-list\">\n<li>Es erm\u00f6glicht die Durchl\u00e4ssigkeit der Wand f\u00fcr D\u00e4mpfe.<\/li>\n\n\n\n<li>Bildet eine stabile Struktur.<\/li>\n\n\n\n<li>Verschlie\u00dft die Risse von Putzen auf Kalkzementbasis.<\/li>\n\n\n\n<li>Es bildet eine sch\u00f6ne und sch\u00fctzende Struktur gegen Witterungseinfl\u00fcsse.<\/li>\n\n\n\n<li>Es zeichnet sich durch eine recht gute Bearbeitbarkeit und Offenheit aus.<\/li>\n\n\n\n<li>Es zeichnet sich durch eine lange Verarbeitungszeit aus (trocknet nicht).<\/li>\n\n\n\n<li>Einfach anzuwendendes Produkt.<\/li>\n<\/ul>","protected":false},"featured_media":1300,"template":"","meta":{"_acf_changed":false,"footnotes":""},"color":[],"product-category":[19],"product-tag":[30],"product-type":[36],"class_list":["post-1292","product","type-product","status-publish","has-post-thumbnail","hentry","product-category-rifinitura","product-tag-grafiato","product-type-simple"],"acf":[],"_links":{"self":[{"href":"https:\/\/dekoll.al\/de\/wp-json\/wp\/v2\/product\/1292","targetHints":{"allow":["GET"]}}],"collection":[{"href":"https:\/\/dekoll.al\/de\/wp-json\/wp\/v2\/product"}],"about":[{"href":"https:\/\/dekoll.al\/de\/wp-json\/wp\/v2\/types\/product"}],"version-history":[{"count":1,"href":"https:\/\/dekoll.al\/de\/wp-json\/wp\/v2\/product\/1292\/revisions"}],"predecessor-version":[{"id":3437,"href":"https:\/\/dekoll.al\/de\/wp-json\/wp\/v2\/product\/1292\/revisions\/3437"}],"wp:featuredmedia":[{"embeddable":true,"href":"https:\/\/dekoll.al\/de\/wp-json\/wp\/v2\/media\/1300"}],"wp:attachment":[{"href":"https:\/\/dekoll.al\/de\/wp-json\/wp\/v2\/media?parent=1292"}],"wp:term":[{"taxonomy":"color","embeddable":true,"href":"https:\/\/dekoll.al\/de\/wp-json\/wp\/v2\/color?post=1292"},{"taxonomy":"product-category","embeddable":true,"href":"https:\/\/dekoll.al\/de\/wp-json\/wp\/v2\/product-category?post=1292"},{"taxonomy":"product-tag","embeddable":true,"href":"https:\/\/dekoll.al\/de\/wp-json\/wp\/v2\/product-tag?post=1292"},{"taxonomy":"product-type","embeddable":true,"href":"https:\/\/dekoll.al\/de\/wp-json\/wp\/v2\/product-type?post=1292"}],"curies":[{"name":"wp","href":"https:\/\/api.w.org\/{rel}","templated":true}]}}