{"id":1271,"date":"2024-12-14T22:48:53","date_gmt":"2024-12-14T21:48:53","guid":{"rendered":"https:\/\/dekoll.growdevs.com\/?post_type=product&#038;p=1271"},"modified":"2025-11-12T21:25:29","modified_gmt":"2025-11-12T20:25:29","slug":"flussiges-acryl-graffiti","status":"publish","type":"product","link":"https:\/\/dekoll.al\/de\/produkt\/flussiges-acryl-graffiti\/","title":{"rendered":"FL\u00dcSSIGES GRAPHIATO AUS ACRYL"},"content":{"rendered":"<p>Dekorative Beschichtung f\u00fcr den Einsatz an Au\u00dfenfassaden. Es handelt sich um ein \u00f6kologisch gepr\u00fcftes Produkt, das auf der Basis der HTT-Technologie hergestellt wird und eine Bel\u00fcftung der Wand und die Vorbeugung von Schimmel erm\u00f6glicht. Dieses Produkt l\u00e4sst keine Risse zu und verhindert, dass sich Schmutz mit ihm verbindet, sodass es sich sehr leicht selbst reinigt. GRAFIATO zeichnet sich durch folgende Eigenschaften aus:<\/p>\n\n\n\n<ul class=\"wp-block-list\">\n<li>Einfach anzuwendendes Produkt.<\/li>\n\n\n\n<li>Es erm\u00f6glicht die Durchl\u00e4ssigkeit der Wand f\u00fcr D\u00e4mpfe.<\/li>\n\n\n\n<li>Bildet eine stabile Struktur.<\/li>\n\n\n\n<li>Verschlie\u00dft Risse in Putzen auf Kalkzementbasis.<\/li>\n\n\n\n<li>Es bildet eine sch\u00f6ne und sch\u00fctzende Struktur gegen Witterungseinfl\u00fcsse.<\/li>\n\n\n\n<li>Es zeichnet sich durch eine gute Bearbeitbarkeit und Offenheit aus<br>Gut.<\/li>\n\n\n\n<li>Es zeichnet sich durch eine lange Verarbeitungszeit aus (trocknet nicht).<br><\/li>\n<\/ul>","protected":false},"featured_media":1279,"template":"","meta":{"_acf_changed":false,"footnotes":""},"color":[],"product-category":[19],"product-tag":[30],"product-type":[36],"class_list":["post-1271","product","type-product","status-publish","has-post-thumbnail","hentry","product-category-rifinitura","product-tag-grafiato","product-type-simple"],"acf":[],"_links":{"self":[{"href":"https:\/\/dekoll.al\/de\/wp-json\/wp\/v2\/product\/1271","targetHints":{"allow":["GET"]}}],"collection":[{"href":"https:\/\/dekoll.al\/de\/wp-json\/wp\/v2\/product"}],"about":[{"href":"https:\/\/dekoll.al\/de\/wp-json\/wp\/v2\/types\/product"}],"version-history":[{"count":1,"href":"https:\/\/dekoll.al\/de\/wp-json\/wp\/v2\/product\/1271\/revisions"}],"predecessor-version":[{"id":3439,"href":"https:\/\/dekoll.al\/de\/wp-json\/wp\/v2\/product\/1271\/revisions\/3439"}],"wp:featuredmedia":[{"embeddable":true,"href":"https:\/\/dekoll.al\/de\/wp-json\/wp\/v2\/media\/1279"}],"wp:attachment":[{"href":"https:\/\/dekoll.al\/de\/wp-json\/wp\/v2\/media?parent=1271"}],"wp:term":[{"taxonomy":"color","embeddable":true,"href":"https:\/\/dekoll.al\/de\/wp-json\/wp\/v2\/color?post=1271"},{"taxonomy":"product-category","embeddable":true,"href":"https:\/\/dekoll.al\/de\/wp-json\/wp\/v2\/product-category?post=1271"},{"taxonomy":"product-tag","embeddable":true,"href":"https:\/\/dekoll.al\/de\/wp-json\/wp\/v2\/product-tag?post=1271"},{"taxonomy":"product-type","embeddable":true,"href":"https:\/\/dekoll.al\/de\/wp-json\/wp\/v2\/product-type?post=1271"}],"curies":[{"name":"wp","href":"https:\/\/api.w.org\/{rel}","templated":true}]}}