{"id":1253,"date":"2025-10-08T22:59:00","date_gmt":"2025-10-08T20:59:00","guid":{"rendered":"https:\/\/dekoll.growdevs.com\/?post_type=product&#038;p=1253"},"modified":"2026-02-13T13:56:28","modified_gmt":"2026-02-13T12:56:28","slug":"graffiti","status":"publish","type":"product","link":"https:\/\/dekoll.al\/de\/produkt\/graffiti\/","title":{"rendered":"GRAFIATO"},"content":{"rendered":"<p>Dekorative Beschichtung f\u00fcr Au\u00dfen- und Innenbereiche auf Basis von Wei\u00dfzement. Material in Pulverform bestehend aus hochwertigem Marmorsand, speziellen Zusatzstoffen, Hydrophobierungsmitteln und Kalkhydrat. Es zeichnet sich durch eine sehr gute Verarbeitbarkeit, lange Verarbeitungszeit, schnelle Anwendung und eine sch\u00f6ne und gleichm\u00e4\u00dfige Struktur aus. Es empfiehlt sich, die Graffitischicht zu \u00fcberstreichen. Es bietet eine hohe Witterungsbest\u00e4ndigkeit, eine gute Dampfdiffusion und verf\u00fcgt \u00fcber feuchtigkeitsabweisende Eigenschaften.<\/p>","protected":false},"featured_media":1270,"template":"","meta":{"_acf_changed":false,"footnotes":""},"color":[],"product-category":[19],"product-tag":[30,31],"product-type":[36],"class_list":["post-1253","product","type-product","status-publish","has-post-thumbnail","hentry","product-category-rifinitura","product-tag-grafiato","product-tag-sistemi-termoizolimit","product-type-simple"],"acf":[],"_links":{"self":[{"href":"https:\/\/dekoll.al\/de\/wp-json\/wp\/v2\/product\/1253","targetHints":{"allow":["GET"]}}],"collection":[{"href":"https:\/\/dekoll.al\/de\/wp-json\/wp\/v2\/product"}],"about":[{"href":"https:\/\/dekoll.al\/de\/wp-json\/wp\/v2\/types\/product"}],"version-history":[{"count":4,"href":"https:\/\/dekoll.al\/de\/wp-json\/wp\/v2\/product\/1253\/revisions"}],"predecessor-version":[{"id":3989,"href":"https:\/\/dekoll.al\/de\/wp-json\/wp\/v2\/product\/1253\/revisions\/3989"}],"wp:featuredmedia":[{"embeddable":true,"href":"https:\/\/dekoll.al\/de\/wp-json\/wp\/v2\/media\/1270"}],"wp:attachment":[{"href":"https:\/\/dekoll.al\/de\/wp-json\/wp\/v2\/media?parent=1253"}],"wp:term":[{"taxonomy":"color","embeddable":true,"href":"https:\/\/dekoll.al\/de\/wp-json\/wp\/v2\/color?post=1253"},{"taxonomy":"product-category","embeddable":true,"href":"https:\/\/dekoll.al\/de\/wp-json\/wp\/v2\/product-category?post=1253"},{"taxonomy":"product-tag","embeddable":true,"href":"https:\/\/dekoll.al\/de\/wp-json\/wp\/v2\/product-tag?post=1253"},{"taxonomy":"product-type","embeddable":true,"href":"https:\/\/dekoll.al\/de\/wp-json\/wp\/v2\/product-type?post=1253"}],"curies":[{"name":"wp","href":"https:\/\/api.w.org\/{rel}","templated":true}]}}