{"id":1228,"date":"2024-12-14T22:29:50","date_gmt":"2024-12-14T21:29:50","guid":{"rendered":"https:\/\/dekoll.growdevs.com\/?post_type=product&#038;p=1228"},"modified":"2025-11-12T21:25:29","modified_gmt":"2025-11-12T20:25:29","slug":"dekofeuer","status":"publish","type":"product","link":"https:\/\/dekoll.al\/de\/produkt\/dekofeuer\/","title":{"rendered":"DEKOFIRE"},"content":{"rendered":"<p>Feuerfester M\u00f6rtel f\u00fcr R\u00e4ume, in denen eine hohe Temperaturbest\u00e4ndigkeit erforderlich ist. Bestehend aus feuerfestem Zement und hochwertigem Quarzsand. Es bietet Folgendes:<\/p>\n\n\n\n<ul class=\"wp-block-list\">\n<li>Hohe Klebekraft<\/li>\n\n\n\n<li>Schnelle Aush\u00e4rtung,<\/li>\n\n\n\n<li>Mechanischer Widerstand.<br>Es ist gem\u00e4\u00df EN 998-2 als M\u00f6rtel M25 klassifiziert.<\/li>\n<\/ul>","protected":false},"featured_media":1255,"template":"","meta":{"_acf_changed":false,"footnotes":""},"color":[],"product-category":[25],"product-tag":[],"product-type":[36],"class_list":["post-1228","product","type-product","status-publish","has-post-thumbnail","hentry","product-category-llac-muri","product-type-simple"],"acf":[],"_links":{"self":[{"href":"https:\/\/dekoll.al\/de\/wp-json\/wp\/v2\/product\/1228","targetHints":{"allow":["GET"]}}],"collection":[{"href":"https:\/\/dekoll.al\/de\/wp-json\/wp\/v2\/product"}],"about":[{"href":"https:\/\/dekoll.al\/de\/wp-json\/wp\/v2\/types\/product"}],"version-history":[{"count":1,"href":"https:\/\/dekoll.al\/de\/wp-json\/wp\/v2\/product\/1228\/revisions"}],"predecessor-version":[{"id":3440,"href":"https:\/\/dekoll.al\/de\/wp-json\/wp\/v2\/product\/1228\/revisions\/3440"}],"wp:featuredmedia":[{"embeddable":true,"href":"https:\/\/dekoll.al\/de\/wp-json\/wp\/v2\/media\/1255"}],"wp:attachment":[{"href":"https:\/\/dekoll.al\/de\/wp-json\/wp\/v2\/media?parent=1228"}],"wp:term":[{"taxonomy":"color","embeddable":true,"href":"https:\/\/dekoll.al\/de\/wp-json\/wp\/v2\/color?post=1228"},{"taxonomy":"product-category","embeddable":true,"href":"https:\/\/dekoll.al\/de\/wp-json\/wp\/v2\/product-category?post=1228"},{"taxonomy":"product-tag","embeddable":true,"href":"https:\/\/dekoll.al\/de\/wp-json\/wp\/v2\/product-tag?post=1228"},{"taxonomy":"product-type","embeddable":true,"href":"https:\/\/dekoll.al\/de\/wp-json\/wp\/v2\/product-type?post=1228"}],"curies":[{"name":"wp","href":"https:\/\/api.w.org\/{rel}","templated":true}]}}