{"id":1215,"date":"2025-10-10T23:30:00","date_gmt":"2025-10-10T21:30:00","guid":{"rendered":"https:\/\/dekoll.growdevs.com\/?post_type=product&#038;p=1215"},"modified":"2026-02-13T13:56:28","modified_gmt":"2026-02-13T12:56:28","slug":"entkoffeinieren","status":"publish","type":"product","link":"https:\/\/dekoll.al\/de\/produkt\/entkoffeinieren\/","title":{"rendered":"DEKOFIN"},"content":{"rendered":"<p>Grauer und wei\u00dfer gebrauchter feiner Fugenm\u00f6rtel auf Zementbasis f\u00fcr Innenw\u00e4nde, Decken und Fassaden. Geeignet f\u00fcr alle Arten von Zement-Kalk-Untergr\u00fcnden. Nicht f\u00fcr die direkte Verlegung auf Putzuntergr\u00fcnden geeignet.<\/p>","protected":false},"featured_media":1216,"template":"","meta":{"_acf_changed":false,"footnotes":""},"color":[],"product-category":[19],"product-tag":[31],"product-type":[36],"class_list":["post-1215","product","type-product","status-publish","has-post-thumbnail","hentry","product-category-rifinitura","product-tag-sistemi-termoizolimit","product-type-simple"],"acf":[],"_links":{"self":[{"href":"https:\/\/dekoll.al\/de\/wp-json\/wp\/v2\/product\/1215","targetHints":{"allow":["GET"]}}],"collection":[{"href":"https:\/\/dekoll.al\/de\/wp-json\/wp\/v2\/product"}],"about":[{"href":"https:\/\/dekoll.al\/de\/wp-json\/wp\/v2\/types\/product"}],"version-history":[{"count":1,"href":"https:\/\/dekoll.al\/de\/wp-json\/wp\/v2\/product\/1215\/revisions"}],"predecessor-version":[{"id":3242,"href":"https:\/\/dekoll.al\/de\/wp-json\/wp\/v2\/product\/1215\/revisions\/3242"}],"wp:featuredmedia":[{"embeddable":true,"href":"https:\/\/dekoll.al\/de\/wp-json\/wp\/v2\/media\/1216"}],"wp:attachment":[{"href":"https:\/\/dekoll.al\/de\/wp-json\/wp\/v2\/media?parent=1215"}],"wp:term":[{"taxonomy":"color","embeddable":true,"href":"https:\/\/dekoll.al\/de\/wp-json\/wp\/v2\/color?post=1215"},{"taxonomy":"product-category","embeddable":true,"href":"https:\/\/dekoll.al\/de\/wp-json\/wp\/v2\/product-category?post=1215"},{"taxonomy":"product-tag","embeddable":true,"href":"https:\/\/dekoll.al\/de\/wp-json\/wp\/v2\/product-tag?post=1215"},{"taxonomy":"product-type","embeddable":true,"href":"https:\/\/dekoll.al\/de\/wp-json\/wp\/v2\/product-type?post=1215"}],"curies":[{"name":"wp","href":"https:\/\/api.w.org\/{rel}","templated":true}]}}