{"id":1196,"date":"2025-06-09T19:00:00","date_gmt":"2025-06-09T17:00:00","guid":{"rendered":"https:\/\/dekoll.growdevs.com\/?post_type=product&#038;p=1196"},"modified":"2025-11-12T21:25:29","modified_gmt":"2025-11-12T20:25:29","slug":"hydrofix-ii","status":"publish","type":"product","link":"https:\/\/dekoll.al\/de\/produkt\/hydrofix-ii\/","title":{"rendered":"HIDROFIX II"},"content":{"rendered":"<p>Zweikomponentiges Abdichtungsmaterial mit hoher Flexibilit\u00e4t auf Basis von Zement, ausgew\u00e4hlten Inertstoffen mit Feinsand mit spezifischen Zus\u00e4tzen und flexiblem Polymer. Es ist gut verarbeitbar und verf\u00fcgt dank der organischen Harzkomponente \u00fcber eine sehr gute Haftung auf allen Arten von Untergr\u00fcnden (immer stabil und sauber) auf Beton und W\u00e4nden, wodurch eine flexible und undurchl\u00e4ssige Schicht entsteht. F\u00fcr Au\u00dfen- und Innenbereiche.<\/p>","protected":false},"featured_media":1956,"template":"","meta":{"_acf_changed":false,"footnotes":""},"color":[],"product-category":[21],"product-tag":[33,32],"product-type":[36],"class_list":["post-1196","product","type-product","status-publish","has-post-thumbnail","hentry","product-category-hidroizolues","product-tag-shtrim-pllakash","product-tag-sistemi-i-hidrolizimit","product-type-simple"],"acf":[],"_links":{"self":[{"href":"https:\/\/dekoll.al\/de\/wp-json\/wp\/v2\/product\/1196","targetHints":{"allow":["GET"]}}],"collection":[{"href":"https:\/\/dekoll.al\/de\/wp-json\/wp\/v2\/product"}],"about":[{"href":"https:\/\/dekoll.al\/de\/wp-json\/wp\/v2\/types\/product"}],"version-history":[{"count":2,"href":"https:\/\/dekoll.al\/de\/wp-json\/wp\/v2\/product\/1196\/revisions"}],"predecessor-version":[{"id":3303,"href":"https:\/\/dekoll.al\/de\/wp-json\/wp\/v2\/product\/1196\/revisions\/3303"}],"wp:featuredmedia":[{"embeddable":true,"href":"https:\/\/dekoll.al\/de\/wp-json\/wp\/v2\/media\/1956"}],"wp:attachment":[{"href":"https:\/\/dekoll.al\/de\/wp-json\/wp\/v2\/media?parent=1196"}],"wp:term":[{"taxonomy":"color","embeddable":true,"href":"https:\/\/dekoll.al\/de\/wp-json\/wp\/v2\/color?post=1196"},{"taxonomy":"product-category","embeddable":true,"href":"https:\/\/dekoll.al\/de\/wp-json\/wp\/v2\/product-category?post=1196"},{"taxonomy":"product-tag","embeddable":true,"href":"https:\/\/dekoll.al\/de\/wp-json\/wp\/v2\/product-tag?post=1196"},{"taxonomy":"product-type","embeddable":true,"href":"https:\/\/dekoll.al\/de\/wp-json\/wp\/v2\/product-type?post=1196"}],"curies":[{"name":"wp","href":"https:\/\/api.w.org\/{rel}","templated":true}]}}