{"id":1195,"date":"2024-12-14T22:54:17","date_gmt":"2024-12-14T21:54:17","guid":{"rendered":"https:\/\/dekoll.growdevs.com\/?post_type=product&#038;p=1195"},"modified":"2025-11-12T21:25:29","modified_gmt":"2025-11-12T20:25:29","slug":"weiszement","status":"publish","type":"product","link":"https:\/\/dekoll.al\/de\/produkt\/weiszement\/","title":{"rendered":"WEISSER ZEMENT"},"content":{"rendered":"<p>Wei\u00dfzement CEM I 42,5R Hochwertiger Wei\u00dfzement. Zur Vorbereitung von Betonen, F\u00fcllputzen, Fugenmassen, Spachtelmassen und Fliesenfugen. Dank der hohen Marke (42,5) gelingt es ihm, in kombinierten Produkten eine hohe mechanische Best\u00e4ndigkeit zu erreichen. F\u00fcr einen herk\u00f6mmlichen F\u00fcllputz wird er in folgenden Verh\u00e4ltnissen verwendet: 100 kg Zement : 300 kg Sand mit einer K\u00f6rnung (0,0\u20131,4) mm. M\u00f6rtel mit diesem Zement haben eine hohe Bindungsf\u00e4higkeit mit dem Untergrund und gute Flexibilit\u00e4tseigenschaften dank seiner F\u00e4higkeit, sich an Bewegungen des Untergrunds, thermische Ver\u00e4nderungen und Ver\u00e4nderungen von Objekten anzupassen.<\/p>","protected":false},"featured_media":1203,"template":"","meta":{"_acf_changed":false,"footnotes":""},"color":[],"product-category":[19],"product-tag":[],"product-type":[36],"class_list":["post-1195","product","type-product","status-publish","has-post-thumbnail","hentry","product-category-rifinitura","product-type-simple"],"acf":[],"_links":{"self":[{"href":"https:\/\/dekoll.al\/de\/wp-json\/wp\/v2\/product\/1195","targetHints":{"allow":["GET"]}}],"collection":[{"href":"https:\/\/dekoll.al\/de\/wp-json\/wp\/v2\/product"}],"about":[{"href":"https:\/\/dekoll.al\/de\/wp-json\/wp\/v2\/types\/product"}],"version-history":[{"count":1,"href":"https:\/\/dekoll.al\/de\/wp-json\/wp\/v2\/product\/1195\/revisions"}],"predecessor-version":[{"id":3438,"href":"https:\/\/dekoll.al\/de\/wp-json\/wp\/v2\/product\/1195\/revisions\/3438"}],"wp:featuredmedia":[{"embeddable":true,"href":"https:\/\/dekoll.al\/de\/wp-json\/wp\/v2\/media\/1203"}],"wp:attachment":[{"href":"https:\/\/dekoll.al\/de\/wp-json\/wp\/v2\/media?parent=1195"}],"wp:term":[{"taxonomy":"color","embeddable":true,"href":"https:\/\/dekoll.al\/de\/wp-json\/wp\/v2\/color?post=1195"},{"taxonomy":"product-category","embeddable":true,"href":"https:\/\/dekoll.al\/de\/wp-json\/wp\/v2\/product-category?post=1195"},{"taxonomy":"product-tag","embeddable":true,"href":"https:\/\/dekoll.al\/de\/wp-json\/wp\/v2\/product-tag?post=1195"},{"taxonomy":"product-type","embeddable":true,"href":"https:\/\/dekoll.al\/de\/wp-json\/wp\/v2\/product-type?post=1195"}],"curies":[{"name":"wp","href":"https:\/\/api.w.org\/{rel}","templated":true}]}}