{"id":1174,"date":"2025-10-15T01:38:00","date_gmt":"2025-10-14T23:38:00","guid":{"rendered":"https:\/\/dekoll.growdevs.com\/?post_type=product&#038;p=1174"},"modified":"2026-02-13T13:56:28","modified_gmt":"2026-02-13T12:56:28","slug":"betofinish","status":"publish","type":"product","link":"https:\/\/dekoll.al\/de\/produkt\/betofinish\/","title":{"rendered":"BETOFINISH"},"content":{"rendered":"<p>Feuchtigkeitshemmender Patinaspachtel auf Basis von grauem Zement, hochwertigem Marmorsand, speziellen Kunstharzen und spezifischen Zusatzstoffen. Faserverst\u00e4rkt. Es zeichnet sich durch eine hervorragende Verarbeitbarkeit und eine sehr gute \u00d6ffnung sowohl auf horizontalen als auch auf vertikalen Fl\u00e4chen aus. Es ist eine Schichtdicke von 3 bis 5 mm pro Schicht zul\u00e4ssig.<\/p>","protected":false},"featured_media":1192,"template":"","meta":{"_acf_changed":false,"footnotes":""},"color":[],"product-category":[19],"product-tag":[31],"product-type":[36],"class_list":["post-1174","product","type-product","status-publish","has-post-thumbnail","hentry","product-category-rifinitura","product-tag-sistemi-termoizolimit","product-type-simple"],"acf":[],"_links":{"self":[{"href":"https:\/\/dekoll.al\/de\/wp-json\/wp\/v2\/product\/1174","targetHints":{"allow":["GET"]}}],"collection":[{"href":"https:\/\/dekoll.al\/de\/wp-json\/wp\/v2\/product"}],"about":[{"href":"https:\/\/dekoll.al\/de\/wp-json\/wp\/v2\/types\/product"}],"version-history":[{"count":1,"href":"https:\/\/dekoll.al\/de\/wp-json\/wp\/v2\/product\/1174\/revisions"}],"predecessor-version":[{"id":3234,"href":"https:\/\/dekoll.al\/de\/wp-json\/wp\/v2\/product\/1174\/revisions\/3234"}],"wp:featuredmedia":[{"embeddable":true,"href":"https:\/\/dekoll.al\/de\/wp-json\/wp\/v2\/media\/1192"}],"wp:attachment":[{"href":"https:\/\/dekoll.al\/de\/wp-json\/wp\/v2\/media?parent=1174"}],"wp:term":[{"taxonomy":"color","embeddable":true,"href":"https:\/\/dekoll.al\/de\/wp-json\/wp\/v2\/color?post=1174"},{"taxonomy":"product-category","embeddable":true,"href":"https:\/\/dekoll.al\/de\/wp-json\/wp\/v2\/product-category?post=1174"},{"taxonomy":"product-tag","embeddable":true,"href":"https:\/\/dekoll.al\/de\/wp-json\/wp\/v2\/product-tag?post=1174"},{"taxonomy":"product-type","embeddable":true,"href":"https:\/\/dekoll.al\/de\/wp-json\/wp\/v2\/product-type?post=1174"}],"curies":[{"name":"wp","href":"https:\/\/api.w.org\/{rel}","templated":true}]}}