{"id":1143,"date":"2024-12-20T21:17:00","date_gmt":"2024-12-20T20:17:00","guid":{"rendered":"https:\/\/dekoll.growdevs.com\/?post_type=product&#038;p=1143"},"modified":"2025-11-12T21:25:29","modified_gmt":"2025-11-12T20:25:29","slug":"aquablock","status":"publish","type":"product","link":"https:\/\/dekoll.al\/de\/produkt\/aquablock\/","title":{"rendered":"AQUABLOCK"},"content":{"rendered":"<p>Pulverf\u00f6rmiges hydraulisches Bindemittel aus Spezialzement mit hoher Best\u00e4ndigkeit. F\u00fcr horizontale und vertikale Fl\u00e4chen ohne Verrutschen. Die Trocknungszeit des Produkts betr\u00e4gt bei optimalen Temperaturbedingungen etwa 1 Minute und 20 Sekunden. Nach der Aush\u00e4rtung erreicht das Produkt innerhalb k\u00fcrzester Zeit nach 1-2 Stunden eine hohe mechanische Festigkeit. Wasserdicht und wasserbest\u00e4ndig.<\/p>\n\n\n\n<p><\/p>","protected":false},"featured_media":1156,"template":"","meta":{"_acf_changed":false,"footnotes":""},"color":[],"product-category":[21],"product-tag":[33,32],"product-type":[36],"class_list":["post-1143","product","type-product","status-publish","has-post-thumbnail","hentry","product-category-hidroizolues","product-tag-shtrim-pllakash","product-tag-sistemi-i-hidrolizimit","product-type-simple"],"acf":[],"_links":{"self":[{"href":"https:\/\/dekoll.al\/de\/wp-json\/wp\/v2\/product\/1143","targetHints":{"allow":["GET"]}}],"collection":[{"href":"https:\/\/dekoll.al\/de\/wp-json\/wp\/v2\/product"}],"about":[{"href":"https:\/\/dekoll.al\/de\/wp-json\/wp\/v2\/types\/product"}],"version-history":[{"count":2,"href":"https:\/\/dekoll.al\/de\/wp-json\/wp\/v2\/product\/1143\/revisions"}],"predecessor-version":[{"id":3430,"href":"https:\/\/dekoll.al\/de\/wp-json\/wp\/v2\/product\/1143\/revisions\/3430"}],"wp:featuredmedia":[{"embeddable":true,"href":"https:\/\/dekoll.al\/de\/wp-json\/wp\/v2\/media\/1156"}],"wp:attachment":[{"href":"https:\/\/dekoll.al\/de\/wp-json\/wp\/v2\/media?parent=1143"}],"wp:term":[{"taxonomy":"color","embeddable":true,"href":"https:\/\/dekoll.al\/de\/wp-json\/wp\/v2\/color?post=1143"},{"taxonomy":"product-category","embeddable":true,"href":"https:\/\/dekoll.al\/de\/wp-json\/wp\/v2\/product-category?post=1143"},{"taxonomy":"product-tag","embeddable":true,"href":"https:\/\/dekoll.al\/de\/wp-json\/wp\/v2\/product-tag?post=1143"},{"taxonomy":"product-type","embeddable":true,"href":"https:\/\/dekoll.al\/de\/wp-json\/wp\/v2\/product-type?post=1143"}],"curies":[{"name":"wp","href":"https:\/\/api.w.org\/{rel}","templated":true}]}}