{"id":1136,"date":"2024-12-19T21:09:00","date_gmt":"2024-12-19T20:09:00","guid":{"rendered":"https:\/\/dekoll.growdevs.com\/?post_type=product&#038;p=1136"},"modified":"2026-02-13T13:33:51","modified_gmt":"2026-02-13T12:33:51","slug":"vertikale","status":"publish","type":"product","link":"https:\/\/dekoll.al\/de\/produkt\/vertikale\/","title":{"rendered":"VERTIKALES C1TE"},"content":{"rendered":"<p>Kleber f\u00fcr zementgebundene Fliesen (C), mit normaler Klebekraft (1) und Rutschfestigkeit (T) und langer Verarbeitungszeit (E). Es zeichnet sich durch sehr gute Verarbeitbarkeit, gute Feuchtigkeitsbest\u00e4ndigkeit, optimale Aush\u00e4rtezeit und gleichm\u00e4\u00dfige H\u00e4rte aus. Gem\u00e4\u00df der Norm EN 12004 als C1TE-Klebstoff klassifiziert.<\/p>","protected":false},"featured_media":1137,"template":"","meta":{"_acf_changed":false,"footnotes":""},"color":[],"product-category":[22],"product-tag":[33,32],"product-type":[36],"class_list":["post-1136","product","type-product","status-publish","has-post-thumbnail","hentry","product-category-ngjites-pllakash","product-tag-shtrim-pllakash","product-tag-sistemi-i-hidrolizimit","product-type-simple"],"acf":[],"_links":{"self":[{"href":"https:\/\/dekoll.al\/de\/wp-json\/wp\/v2\/product\/1136","targetHints":{"allow":["GET"]}}],"collection":[{"href":"https:\/\/dekoll.al\/de\/wp-json\/wp\/v2\/product"}],"about":[{"href":"https:\/\/dekoll.al\/de\/wp-json\/wp\/v2\/types\/product"}],"version-history":[{"count":4,"href":"https:\/\/dekoll.al\/de\/wp-json\/wp\/v2\/product\/1136\/revisions"}],"predecessor-version":[{"id":3337,"href":"https:\/\/dekoll.al\/de\/wp-json\/wp\/v2\/product\/1136\/revisions\/3337"}],"wp:featuredmedia":[{"embeddable":true,"href":"https:\/\/dekoll.al\/de\/wp-json\/wp\/v2\/media\/1137"}],"wp:attachment":[{"href":"https:\/\/dekoll.al\/de\/wp-json\/wp\/v2\/media?parent=1136"}],"wp:term":[{"taxonomy":"color","embeddable":true,"href":"https:\/\/dekoll.al\/de\/wp-json\/wp\/v2\/color?post=1136"},{"taxonomy":"product-category","embeddable":true,"href":"https:\/\/dekoll.al\/de\/wp-json\/wp\/v2\/product-category?post=1136"},{"taxonomy":"product-tag","embeddable":true,"href":"https:\/\/dekoll.al\/de\/wp-json\/wp\/v2\/product-tag?post=1136"},{"taxonomy":"product-type","embeddable":true,"href":"https:\/\/dekoll.al\/de\/wp-json\/wp\/v2\/product-type?post=1136"}],"curies":[{"name":"wp","href":"https:\/\/api.w.org\/{rel}","templated":true}]}}