{"id":1125,"date":"2024-12-17T21:02:00","date_gmt":"2024-12-17T20:02:00","guid":{"rendered":"https:\/\/dekoll.growdevs.com\/?post_type=product&#038;p=1125"},"modified":"2026-02-13T13:34:04","modified_gmt":"2026-02-13T12:34:04","slug":"ultrafuge","status":"publish","type":"product","link":"https:\/\/dekoll.al\/de\/produkt\/ultrafuge\/","title":{"rendered":"ULTRAFUGA"},"content":{"rendered":"<p>Zementbasierte Farbe zum Abdichten von Fugen, mit hoher Elastizit\u00e4t, bestehend aus hochwertigem Marmorsand mit ausgew\u00e4hlter K\u00f6rnung, hohem Anteil an Kunstharzen und Hydrophobierungsmitteln. Bietet eine hohe Best\u00e4ndigkeit gegen Feuchtigkeit und Abrieb. Geeignet zum F\u00fcllen von Fugen von 2\u201315 mm. Gem\u00e4\u00df der Norm EN 13888 als CG2-Produkt klassifiziert, zeichnet es sich durch sehr gute Verarbeitbarkeit, sehr einfache Reinigung, sehr gute Haftung, hohe Best\u00e4ndigkeit gegen Sonnenlicht und Witterungseinfl\u00fcsse aus, hat die F\u00e4higkeit, Farben zu bewahren, ist best\u00e4ndig gegen \u00e4tzende Mittel und verschiedene S\u00e4uren und Basen. Erh\u00e4ltlich in 26 Farben.<\/p>\n\n\n\n<p><\/p>","protected":false},"featured_media":1141,"template":"","meta":{"_acf_changed":false,"footnotes":""},"color":[],"product-category":[18],"product-tag":[33,32],"product-type":[36],"class_list":["post-1125","product","type-product","status-publish","has-post-thumbnail","hentry","product-category-bojak","product-tag-shtrim-pllakash","product-tag-sistemi-i-hidrolizimit","product-type-simple"],"acf":[],"_links":{"self":[{"href":"https:\/\/dekoll.al\/de\/wp-json\/wp\/v2\/product\/1125","targetHints":{"allow":["GET"]}}],"collection":[{"href":"https:\/\/dekoll.al\/de\/wp-json\/wp\/v2\/product"}],"about":[{"href":"https:\/\/dekoll.al\/de\/wp-json\/wp\/v2\/types\/product"}],"version-history":[{"count":1,"href":"https:\/\/dekoll.al\/de\/wp-json\/wp\/v2\/product\/1125\/revisions"}],"predecessor-version":[{"id":3280,"href":"https:\/\/dekoll.al\/de\/wp-json\/wp\/v2\/product\/1125\/revisions\/3280"}],"wp:featuredmedia":[{"embeddable":true,"href":"https:\/\/dekoll.al\/de\/wp-json\/wp\/v2\/media\/1141"}],"wp:attachment":[{"href":"https:\/\/dekoll.al\/de\/wp-json\/wp\/v2\/media?parent=1125"}],"wp:term":[{"taxonomy":"color","embeddable":true,"href":"https:\/\/dekoll.al\/de\/wp-json\/wp\/v2\/color?post=1125"},{"taxonomy":"product-category","embeddable":true,"href":"https:\/\/dekoll.al\/de\/wp-json\/wp\/v2\/product-category?post=1125"},{"taxonomy":"product-tag","embeddable":true,"href":"https:\/\/dekoll.al\/de\/wp-json\/wp\/v2\/product-tag?post=1125"},{"taxonomy":"product-type","embeddable":true,"href":"https:\/\/dekoll.al\/de\/wp-json\/wp\/v2\/product-type?post=1125"}],"curies":[{"name":"wp","href":"https:\/\/api.w.org\/{rel}","templated":true}]}}