{"id":1071,"date":"2024-12-14T20:30:46","date_gmt":"2024-12-14T19:30:46","guid":{"rendered":"https:\/\/dekoll.growdevs.com\/?post_type=product&#038;p=1071"},"modified":"2025-11-12T21:25:29","modified_gmt":"2025-11-12T20:25:29","slug":"gelenk-2","status":"publish","type":"product","link":"https:\/\/dekoll.al\/de\/produkt\/gelenk-2\/","title":{"rendered":"FUGA 2+"},"content":{"rendered":"<p>Zweikomponentiger Fugenf\u00fcller mit verbesserter Best\u00e4ndigkeit. Komponente A (2 kg) besteht aus zementbasiertem Pulvermaterial, Marmorsand mit ausgew\u00e4hlter K\u00f6rnung, Kunstharzen und Hydrophobierungsmitteln.<br>Komponente B (200 g) besteht aus Acrylharz, das dem Endprodukt h\u00f6chste Flexibilit\u00e4t, verbesserte Best\u00e4ndigkeit und maximalen Schutz gegen korrosive Mittel und Reinigungsmittel verleiht.<br>Geeignet zum F\u00fcllen von Fugen von 2\u20138 mm. Basierend auf der EN-Norm als CG2WA-Produkt klassifiziert<\/p>\n\n\n\n<p>Es zeichnet sich durch eine sehr einfache Verarbeitbarkeit und Reinigung sowie eine sehr gute Haftung aus.<\/p>\n\n\n\n<p><\/p>","protected":false},"featured_media":1083,"template":"","meta":{"_acf_changed":false,"footnotes":""},"color":[],"product-category":[18],"product-tag":[33,32],"product-type":[36],"class_list":["post-1071","product","type-product","status-publish","has-post-thumbnail","hentry","product-category-bojak","product-tag-shtrim-pllakash","product-tag-sistemi-i-hidrolizimit","product-type-simple"],"acf":[],"_links":{"self":[{"href":"https:\/\/dekoll.al\/de\/wp-json\/wp\/v2\/product\/1071","targetHints":{"allow":["GET"]}}],"collection":[{"href":"https:\/\/dekoll.al\/de\/wp-json\/wp\/v2\/product"}],"about":[{"href":"https:\/\/dekoll.al\/de\/wp-json\/wp\/v2\/types\/product"}],"version-history":[{"count":1,"href":"https:\/\/dekoll.al\/de\/wp-json\/wp\/v2\/product\/1071\/revisions"}],"predecessor-version":[{"id":3443,"href":"https:\/\/dekoll.al\/de\/wp-json\/wp\/v2\/product\/1071\/revisions\/3443"}],"wp:featuredmedia":[{"embeddable":true,"href":"https:\/\/dekoll.al\/de\/wp-json\/wp\/v2\/media\/1083"}],"wp:attachment":[{"href":"https:\/\/dekoll.al\/de\/wp-json\/wp\/v2\/media?parent=1071"}],"wp:term":[{"taxonomy":"color","embeddable":true,"href":"https:\/\/dekoll.al\/de\/wp-json\/wp\/v2\/color?post=1071"},{"taxonomy":"product-category","embeddable":true,"href":"https:\/\/dekoll.al\/de\/wp-json\/wp\/v2\/product-category?post=1071"},{"taxonomy":"product-tag","embeddable":true,"href":"https:\/\/dekoll.al\/de\/wp-json\/wp\/v2\/product-tag?post=1071"},{"taxonomy":"product-type","embeddable":true,"href":"https:\/\/dekoll.al\/de\/wp-json\/wp\/v2\/product-type?post=1071"}],"curies":[{"name":"wp","href":"https:\/\/api.w.org\/{rel}","templated":true}]}}